{"id":8550,"date":"2022-10-29T15:00:54","date_gmt":"2022-10-29T15:00:54","guid":{"rendered":"http:\/\/agriflanders.be\/?page_id=8550"},"modified":"2026-04-10T12:40:02","modified_gmt":"2026-04-10T12:40:02","slug":"exposanten-profiel","status":"publish","type":"page","link":"https:\/\/www.agriflanders.be\/fr\/exposanten-profiel\/","title":{"rendered":"Exposants | Profil"},"content":{"rendered":"<div data-elementor-type=\"wp-page\" data-elementor-id=\"8550\" class=\"elementor elementor-8550\" data-elementor-post-type=\"page\">\n\t\t\t\t\t\t<section class=\"elementor-section elementor-top-section elementor-element elementor-element-4a948e3 elementor-section-boxed elementor-section-height-default elementor-section-height-default\" data-id=\"4a948e3\" data-element_type=\"section\" data-e-type=\"section\">\n\t\t\t\t\t\t<div class=\"elementor-container elementor-column-gap-default\">\n\t\t\t\t\t<div class=\"elementor-column elementor-col-100 elementor-top-column elementor-element elementor-element-69e0558\" data-id=\"69e0558\" data-element_type=\"column\" data-e-type=\"column\">\n\t\t\t<div class=\"elementor-widget-wrap elementor-element-populated\">\n\t\t\t\t\t\t<div class=\"elementor-element elementor-element-f03ffe8 elementor-widget elementor-widget-heading\" data-id=\"f03ffe8\" data-element_type=\"widget\" data-e-type=\"widget\" data-widget_type=\"heading.default\">\n\t\t\t\t<div class=\"elementor-widget-container\">\n\t\t\t\t\t<h2 class=\"elementor-heading-title elementor-size-default\">Profil exposants<\/h2>\t\t\t\t<\/div>\n\t\t\t\t<\/div>\n\t\t\t\t\t<\/div>\n\t\t<\/div>\n\t\t\t\t\t<\/div>\n\t\t<\/section>\n\t\t\t\t<section class=\"elementor-section elementor-top-section elementor-element elementor-element-7f242d6 elementor-reverse-mobile elementor-section-boxed elementor-section-height-default elementor-section-height-default\" data-id=\"7f242d6\" data-element_type=\"section\" data-e-type=\"section\">\n\t\t\t\t\t\t<div class=\"elementor-container elementor-column-gap-default\">\n\t\t\t\t\t<div class=\"elementor-column elementor-col-50 elementor-top-column elementor-element elementor-element-79c57a5\" data-id=\"79c57a5\" data-element_type=\"column\" data-e-type=\"column\">\n\t\t\t<div class=\"elementor-widget-wrap elementor-element-populated\">\n\t\t\t\t\t\t<div class=\"elementor-element elementor-element-84b0679 elementor-widget elementor-widget-text-editor\" data-id=\"84b0679\" data-element_type=\"widget\" data-e-type=\"widget\" data-widget_type=\"text-editor.default\">\n\t\t\t\t<div class=\"elementor-widget-container\">\n\t\t\t\t\t\t\t\t\t<p>L'\u00e9leveur d'aujourd'hui trouvera tout ce dont il a besoin dans sa ferme \u00e0 Agriflanders. Presque tous les principaux fournisseurs du secteur de l'\u00e9levage sont repr\u00e9sent\u00e9s\u00a0:<\/p>\t\t\t\t\t\t\t\t<\/div>\n\t\t\t\t<\/div>\n\t\t\t\t<div class=\"elementor-element elementor-element-25447e3 elementor-icon-list--layout-traditional elementor-list-item-link-full_width elementor-widget elementor-widget-icon-list\" data-id=\"25447e3\" data-element_type=\"widget\" data-e-type=\"widget\" data-widget_type=\"icon-list.default\">\n\t\t\t\t<div class=\"elementor-widget-container\">\n\t\t\t\t\t\t\t<ul class=\"elementor-icon-list-items\">\n\t\t\t\t\t\t\t<li class=\"elementor-icon-list-item\">\n\t\t\t\t\t\t\t\t\t\t\t<span class=\"elementor-icon-list-icon\">\n\t\t\t\t\t\t\t<i aria-hidden=\"true\" class=\"fas fa-circle\"><\/i>\t\t\t\t\t\t<\/span>\n\t\t\t\t\t\t\t\t\t\t<span class=\"elementor-icon-list-text\">M\u00e9canisation<\/span>\n\t\t\t\t\t\t\t\t\t<\/li>\n\t\t\t\t\t\t\t\t<li class=\"elementor-icon-list-item\">\n\t\t\t\t\t\t\t\t\t\t\t<span class=\"elementor-icon-list-icon\">\n\t\t\t\t\t\t\t<i aria-hidden=\"true\" class=\"fas fa-circle\"><\/i>\t\t\t\t\t\t<\/span>\n\t\t\t\t\t\t\t\t\t\t<span class=\"elementor-icon-list-text\">Construction et am\u00e9nagement d&#039;\u00e9curies<\/span>\n\t\t\t\t\t\t\t\t\t<\/li>\n\t\t\t\t\t\t\t\t<li class=\"elementor-icon-list-item\">\n\t\t\t\t\t\t\t\t\t\t\t<span class=\"elementor-icon-list-icon\">\n\t\t\t\t\t\t\t<i aria-hidden=\"true\" class=\"fas fa-circle\"><\/i>\t\t\t\t\t\t<\/span>\n\t\t\t\t\t\t\t\t\t\t<span class=\"elementor-icon-list-text\">Approvisionnement b\u00e9tail<\/span>\n\t\t\t\t\t\t\t\t\t<\/li>\n\t\t\t\t\t\t\t\t<li class=\"elementor-icon-list-item\">\n\t\t\t\t\t\t\t\t\t\t\t<span class=\"elementor-icon-list-icon\">\n\t\t\t\t\t\t\t<i aria-hidden=\"true\" class=\"fas fa-circle\"><\/i>\t\t\t\t\t\t<\/span>\n\t\t\t\t\t\t\t\t\t\t<span class=\"elementor-icon-list-text\">Aliments et additifs<\/span>\n\t\t\t\t\t\t\t\t\t<\/li>\n\t\t\t\t\t\t\t\t<li class=\"elementor-icon-list-item\">\n\t\t\t\t\t\t\t\t\t\t\t<span class=\"elementor-icon-list-icon\">\n\t\t\t\t\t\t\t<i aria-hidden=\"true\" class=\"fas fa-circle\"><\/i>\t\t\t\t\t\t<\/span>\n\t\t\t\t\t\t\t\t\t\t<span class=\"elementor-icon-list-text\">Services, \u00e9ducation et gouvernement<\/span>\n\t\t\t\t\t\t\t\t\t<\/li>\n\t\t\t\t\t\t\t\t<li class=\"elementor-icon-list-item\">\n\t\t\t\t\t\t\t\t\t\t\t<span class=\"elementor-icon-list-icon\">\n\t\t\t\t\t\t\t<i aria-hidden=\"true\" class=\"fas fa-circle\"><\/i>\t\t\t\t\t\t<\/span>\n\t\t\t\t\t\t\t\t\t\t<span class=\"elementor-icon-list-text\">Approvisionnement cultures<\/span>\n\t\t\t\t\t\t\t\t\t<\/li>\n\t\t\t\t\t\t\t\t<li class=\"elementor-icon-list-item\">\n\t\t\t\t\t\t\t\t\t\t\t<span class=\"elementor-icon-list-icon\">\n\t\t\t\t\t\t\t<i aria-hidden=\"true\" class=\"fas fa-circle\"><\/i>\t\t\t\t\t\t<\/span>\n\t\t\t\t\t\t\t\t\t\t<span class=\"elementor-icon-list-text\">Produits alimentaires et agricoles<\/span>\n\t\t\t\t\t\t\t\t\t<\/li>\n\t\t\t\t\t\t\t\t<li class=\"elementor-icon-list-item\">\n\t\t\t\t\t\t\t\t\t\t\t<span class=\"elementor-icon-list-icon\">\n\t\t\t\t\t\t\t<i aria-hidden=\"true\" class=\"fas fa-circle\"><\/i>\t\t\t\t\t\t<\/span>\n\t\t\t\t\t\t\t\t\t\t<span class=\"elementor-icon-list-text\">Stud-books et animaux<\/span>\n\t\t\t\t\t\t\t\t\t<\/li>\n\t\t\t\t\t\t<\/ul>\n\t\t\t\t\t\t<\/div>\n\t\t\t\t<\/div>\n\t\t\t\t<div class=\"elementor-element elementor-element-d43bbce elementor-widget elementor-widget-text-editor\" data-id=\"d43bbce\" data-element_type=\"widget\" data-e-type=\"widget\" data-widget_type=\"text-editor.default\">\n\t\t\t\t<div class=\"elementor-widget-container\">\n\t\t\t\t\t\t\t\t\t<p>Gr\u00e2ce aux 375 exposants, le visiteur b\u00e9n\u00e9ficie d&#039;un excellent aper\u00e7u du meilleur de ce que l&#039;agriculture flamande a \u00e0 offrir.<\/p>\t\t\t\t\t\t\t\t<\/div>\n\t\t\t\t<\/div>\n\t\t\t\t\t<\/div>\n\t\t<\/div>\n\t\t\t\t<div class=\"elementor-column elementor-col-50 elementor-top-column elementor-element elementor-element-2494bf6\" data-id=\"2494bf6\" data-element_type=\"column\" data-e-type=\"column\">\n\t\t\t<div class=\"elementor-widget-wrap\">\n\t\t\t\t\t\t\t<\/div>\n\t\t<\/div>\n\t\t\t\t\t<\/div>\n\t\t<\/section>\n\t\t\t\t<section class=\"elementor-section elementor-top-section elementor-element elementor-element-e720bee elementor-section-boxed elementor-section-height-default elementor-section-height-default\" data-id=\"e720bee\" data-element_type=\"section\" data-e-type=\"section\">\n\t\t\t\t\t\t<div class=\"elementor-container elementor-column-gap-default\">\n\t\t\t\t\t<div class=\"elementor-column elementor-col-50 elementor-top-column elementor-element elementor-element-a8aba60\" data-id=\"a8aba60\" data-element_type=\"column\" data-e-type=\"column\">\n\t\t\t<div class=\"elementor-widget-wrap elementor-element-populated\">\n\t\t\t\t\t\t<div class=\"elementor-element elementor-element-e230635 elementor-widget elementor-widget-image\" data-id=\"e230635\" data-element_type=\"widget\" data-e-type=\"widget\" data-widget_type=\"image.default\">\n\t\t\t\t<div class=\"elementor-widget-container\">\n\t\t\t\t\t\t\t\t\t\t\t\t\t\t\t<img decoding=\"async\" src=\"https:\/\/www.agriflanders.be\/wp-content\/uploads\/elementor\/thumbs\/Foto-home-totaalforum-resized-scaled-q0y3px82wrt4ynfw99gy6h4bpkk41imshri5svtvik.jpg\" title=\"Accueil photo totalforum-redimensionn\u00e9\" alt=\"Foto home totaalforum-resized\" loading=\"lazy\" \/>\t\t\t\t\t\t\t\t\t\t\t\t\t\t\t<\/div>\n\t\t\t\t<\/div>\n\t\t\t\t\t<\/div>\n\t\t<\/div>\n\t\t\t\t<div class=\"elementor-column elementor-col-50 elementor-top-column elementor-element elementor-element-31eb04f\" data-id=\"31eb04f\" data-element_type=\"column\" data-e-type=\"column\">\n\t\t\t<div class=\"elementor-widget-wrap elementor-element-populated\">\n\t\t\t\t\t\t<div class=\"elementor-element elementor-element-7100454 elementor-widget elementor-widget-image\" data-id=\"7100454\" data-element_type=\"widget\" data-e-type=\"widget\" data-widget_type=\"image.default\">\n\t\t\t\t<div class=\"elementor-widget-container\">\n\t\t\t\t\t\t\t\t\t\t\t\t\t\t\t<img decoding=\"async\" src=\"https:\/\/www.agriflanders.be\/wp-content\/uploads\/elementor\/thumbs\/45859344105_873b54b1a1_o-resized-scaled-q0y3px82wrt4ynfw99gy6h4bpkk41imshri5svtvik.jpg\" title=\"45859344105_873b54b1a1_o-redimensionn\u00e9\" alt=\"45859344105_873b54b1a1_o-resized\" loading=\"lazy\" \/>\t\t\t\t\t\t\t\t\t\t\t\t\t\t\t<\/div>\n\t\t\t\t<\/div>\n\t\t\t\t\t<\/div>\n\t\t<\/div>\n\t\t\t\t\t<\/div>\n\t\t<\/section>\n\t\t\t\t<\/div>","protected":false},"excerpt":{"rendered":"<p>Profil des exposants  \u00c0 Agriflanders, l&#039;\u00e9leveur d&#039;aujourd&#039;hui trouve tout ce dont il a besoin pour son exploitation. La quasi-totalit\u00e9 des principaux fournisseurs du secteur de l&#039;\u00e9levage sont repr\u00e9sent\u00e9s\u00a0:  M\u00e9canisation Construction et \u00e9quipement d&#039;\u00e9tables Fournitures pour le b\u00e9tail Aliments et compl\u00e9ments alimentaires Services, formation et administration publique Fournitures agricoles Produits alimentaires et agricoles Plantes m\u00e9dicinales et animaux  Gr\u00e2ce aux 375 exposants, le visiteur b\u00e9n\u00e9ficie de\u2026 <a href=\"https:\/\/www.agriflanders.be\/fr\/exposanten-profiel\/\" class=\"more-link\">continuer la lecture<span class=\"screen-reader-text\"> \u00ab Exposants | Profil&quot;<\/span><\/a><\/p>","protected":false},"author":1,"featured_media":0,"parent":0,"menu_order":14,"comment_status":"closed","ping_status":"closed","template":"elementor_header_footer","meta":{"_acf_changed":false,"footnotes":""},"class_list":["post-8550","page","type-page","status-publish","hentry"],"acf":[],"yoast_head":"<!-- This site is optimized with the Yoast SEO plugin v27.4 - https:\/\/yoast.com\/product\/yoast-seo-wordpress\/ -->\n<title>Exposanten | Profiel - Agriflanders<\/title>\n<meta name=\"robots\" content=\"index, follow, max-snippet:-1, max-image-preview:large, max-video-preview:-1\" \/>\n<link rel=\"canonical\" href=\"https:\/\/www.agriflanders.be\/fr\/exposanten-profiel\/\" \/>\n<meta property=\"og:locale\" content=\"fr_FR\" \/>\n<meta property=\"og:type\" content=\"article\" \/>\n<meta property=\"og:title\" content=\"Exposanten | Profiel - Agriflanders\" \/>\n<meta property=\"og:description\" content=\"Profiel exposanten Op Agriflanders vindt de veehouder van vandaag alles wat hij op zijn bedrijf nodig heeft. Zowat alle belangrijke toeleveranciers uit de veeteeltsector zijn vertegenwoordigd: Mechanisatie Stallenbouw &amp; -inrichting Toelevering veeteelt Voeders &amp; additieven Diensten, onderwijs &amp; overheid Toelevering teelten Voeding &amp; hoeveproducten Stamboeken &amp; dieren Dankzij de 375 exposanten krijgt de bezoeker een &hellip; Continue reading &quot;Exposanten | Profiel&quot;\" \/>\n<meta property=\"og:url\" content=\"https:\/\/www.agriflanders.be\/fr\/exposanten-profiel\/\" \/>\n<meta property=\"og:site_name\" content=\"Agriflanders\" \/>\n<meta property=\"article:modified_time\" content=\"2026-04-10T12:40:02+00:00\" \/>\n<meta property=\"og:image\" content=\"https:\/\/www.agriflanders.be\/wp-content\/uploads\/elementor\/thumbs\/Foto-home-totaalforum-resized-scaled-q0y3px82wrt4ynfw99gy6h4bpkk41imshri5svtvik.jpg\" \/>\n<meta name=\"twitter:card\" content=\"summary_large_image\" \/>\n<meta name=\"twitter:label1\" content=\"Dur\u00e9e de lecture est.\" \/>\n\t<meta name=\"twitter:data1\" content=\"1 minute\" \/>\n<script type=\"application\/ld+json\" class=\"yoast-schema-graph\">{\"@context\":\"https:\\\/\\\/schema.org\",\"@graph\":[{\"@type\":\"WebPage\",\"@id\":\"https:\\\/\\\/www.agriflanders.be\\\/exposanten-profiel\\\/\",\"url\":\"https:\\\/\\\/www.agriflanders.be\\\/exposanten-profiel\\\/\",\"name\":\"Exposanten | Profiel - Agriflanders\",\"isPartOf\":{\"@id\":\"https:\\\/\\\/www.agriflanders.be\\\/nl\\\/#website\"},\"primaryImageOfPage\":{\"@id\":\"https:\\\/\\\/www.agriflanders.be\\\/exposanten-profiel\\\/#primaryimage\"},\"image\":{\"@id\":\"https:\\\/\\\/www.agriflanders.be\\\/exposanten-profiel\\\/#primaryimage\"},\"thumbnailUrl\":\"https:\\\/\\\/www.agriflanders.be\\\/wp-content\\\/uploads\\\/elementor\\\/thumbs\\\/Foto-home-totaalforum-resized-scaled-q0y3px82wrt4ynfw99gy6h4bpkk41imshri5svtvik.jpg\",\"datePublished\":\"2022-10-29T15:00:54+00:00\",\"dateModified\":\"2026-04-10T12:40:02+00:00\",\"breadcrumb\":{\"@id\":\"https:\\\/\\\/www.agriflanders.be\\\/exposanten-profiel\\\/#breadcrumb\"},\"inLanguage\":\"fr-BE\",\"potentialAction\":[{\"@type\":\"ReadAction\",\"target\":[\"https:\\\/\\\/www.agriflanders.be\\\/exposanten-profiel\\\/\"]}]},{\"@type\":\"ImageObject\",\"inLanguage\":\"fr-BE\",\"@id\":\"https:\\\/\\\/www.agriflanders.be\\\/exposanten-profiel\\\/#primaryimage\",\"url\":\"https:\\\/\\\/www.agriflanders.be\\\/wp-content\\\/uploads\\\/elementor\\\/thumbs\\\/Foto-home-totaalforum-resized-scaled-q0y3px82wrt4ynfw99gy6h4bpkk41imshri5svtvik.jpg\",\"contentUrl\":\"https:\\\/\\\/www.agriflanders.be\\\/wp-content\\\/uploads\\\/elementor\\\/thumbs\\\/Foto-home-totaalforum-resized-scaled-q0y3px82wrt4ynfw99gy6h4bpkk41imshri5svtvik.jpg\"},{\"@type\":\"BreadcrumbList\",\"@id\":\"https:\\\/\\\/www.agriflanders.be\\\/exposanten-profiel\\\/#breadcrumb\",\"itemListElement\":[{\"@type\":\"ListItem\",\"position\":1,\"name\":\"Home\",\"item\":\"https:\\\/\\\/www.agriflanders.be\\\/nl\\\/\"},{\"@type\":\"ListItem\",\"position\":2,\"name\":\"Exposanten | Profiel\"}]},{\"@type\":\"WebSite\",\"@id\":\"https:\\\/\\\/www.agriflanders.be\\\/nl\\\/#website\",\"url\":\"https:\\\/\\\/www.agriflanders.be\\\/nl\\\/\",\"name\":\"Agriflanders\",\"description\":\"Vakbeurs voor intensieve veeteelt en mechanisatie op erfniveau\",\"potentialAction\":[{\"@type\":\"SearchAction\",\"target\":{\"@type\":\"EntryPoint\",\"urlTemplate\":\"https:\\\/\\\/www.agriflanders.be\\\/nl\\\/?s={search_term_string}\"},\"query-input\":{\"@type\":\"PropertyValueSpecification\",\"valueRequired\":true,\"valueName\":\"search_term_string\"}}],\"inLanguage\":\"fr-BE\"}]}<\/script>\n<!-- \/ Yoast SEO plugin. -->","yoast_head_json":{"title":"Exposants | Profil - Agriflanders","robots":{"index":"index","follow":"follow","max-snippet":"max-snippet:-1","max-image-preview":"max-image-preview:large","max-video-preview":"max-video-preview:-1"},"canonical":"https:\/\/www.agriflanders.be\/fr\/exposanten-profiel\/","og_locale":"fr_FR","og_type":"article","og_title":"Exposanten | Profiel - Agriflanders","og_description":"Profiel exposanten Op Agriflanders vindt de veehouder van vandaag alles wat hij op zijn bedrijf nodig heeft. Zowat alle belangrijke toeleveranciers uit de veeteeltsector zijn vertegenwoordigd: Mechanisatie Stallenbouw &amp; -inrichting Toelevering veeteelt Voeders &amp; additieven Diensten, onderwijs &amp; overheid Toelevering teelten Voeding &amp; hoeveproducten Stamboeken &amp; dieren Dankzij de 375 exposanten krijgt de bezoeker een &hellip; Continue reading \"Exposanten | Profiel\"","og_url":"https:\/\/www.agriflanders.be\/fr\/exposanten-profiel\/","og_site_name":"Agriflanders","article_modified_time":"2026-04-10T12:40:02+00:00","og_image":[{"url":"https:\/\/www.agriflanders.be\/wp-content\/uploads\/elementor\/thumbs\/Foto-home-totaalforum-resized-scaled-q0y3px82wrt4ynfw99gy6h4bpkk41imshri5svtvik.jpg","type":"","width":"","height":""}],"twitter_card":"summary_large_image","twitter_misc":{"Dur\u00e9e de lecture est.":"1 minute"},"schema":{"@context":"https:\/\/schema.org","@graph":[{"@type":"WebPage","@id":"https:\/\/www.agriflanders.be\/exposanten-profiel\/","url":"https:\/\/www.agriflanders.be\/exposanten-profiel\/","name":"Exposants | Profil - Agriflanders","isPartOf":{"@id":"https:\/\/www.agriflanders.be\/nl\/#website"},"primaryImageOfPage":{"@id":"https:\/\/www.agriflanders.be\/exposanten-profiel\/#primaryimage"},"image":{"@id":"https:\/\/www.agriflanders.be\/exposanten-profiel\/#primaryimage"},"thumbnailUrl":"https:\/\/www.agriflanders.be\/wp-content\/uploads\/elementor\/thumbs\/Foto-home-totaalforum-resized-scaled-q0y3px82wrt4ynfw99gy6h4bpkk41imshri5svtvik.jpg","datePublished":"2022-10-29T15:00:54+00:00","dateModified":"2026-04-10T12:40:02+00:00","breadcrumb":{"@id":"https:\/\/www.agriflanders.be\/exposanten-profiel\/#breadcrumb"},"inLanguage":"fr-BE","potentialAction":[{"@type":"ReadAction","target":["https:\/\/www.agriflanders.be\/exposanten-profiel\/"]}]},{"@type":"ImageObject","inLanguage":"fr-BE","@id":"https:\/\/www.agriflanders.be\/exposanten-profiel\/#primaryimage","url":"https:\/\/www.agriflanders.be\/wp-content\/uploads\/elementor\/thumbs\/Foto-home-totaalforum-resized-scaled-q0y3px82wrt4ynfw99gy6h4bpkk41imshri5svtvik.jpg","contentUrl":"https:\/\/www.agriflanders.be\/wp-content\/uploads\/elementor\/thumbs\/Foto-home-totaalforum-resized-scaled-q0y3px82wrt4ynfw99gy6h4bpkk41imshri5svtvik.jpg"},{"@type":"BreadcrumbList","@id":"https:\/\/www.agriflanders.be\/exposanten-profiel\/#breadcrumb","itemListElement":[{"@type":"ListItem","position":1,"name":"Home","item":"https:\/\/www.agriflanders.be\/nl\/"},{"@type":"ListItem","position":2,"name":"Exposanten | Profiel"}]},{"@type":"WebSite","@id":"https:\/\/www.agriflanders.be\/nl\/#website","url":"https:\/\/www.agriflanders.be\/nl\/","name":"Agriflanders","description":"Salon de l&#039;\u00e9levage intensif et de la m\u00e9canisation \u00e0 la ferme","potentialAction":[{"@type":"SearchAction","target":{"@type":"EntryPoint","urlTemplate":"https:\/\/www.agriflanders.be\/nl\/?s={search_term_string}"},"query-input":{"@type":"PropertyValueSpecification","valueRequired":true,"valueName":"search_term_string"}}],"inLanguage":"fr-BE"}]}},"_links":{"self":[{"href":"https:\/\/www.agriflanders.be\/fr\/wp-json\/wp\/v2\/pages\/8550","targetHints":{"allow":["GET"]}}],"collection":[{"href":"https:\/\/www.agriflanders.be\/fr\/wp-json\/wp\/v2\/pages"}],"about":[{"href":"https:\/\/www.agriflanders.be\/fr\/wp-json\/wp\/v2\/types\/page"}],"author":[{"embeddable":true,"href":"https:\/\/www.agriflanders.be\/fr\/wp-json\/wp\/v2\/users\/1"}],"replies":[{"embeddable":true,"href":"https:\/\/www.agriflanders.be\/fr\/wp-json\/wp\/v2\/comments?post=8550"}],"version-history":[{"count":4,"href":"https:\/\/www.agriflanders.be\/fr\/wp-json\/wp\/v2\/pages\/8550\/revisions"}],"predecessor-version":[{"id":11805,"href":"https:\/\/www.agriflanders.be\/fr\/wp-json\/wp\/v2\/pages\/8550\/revisions\/11805"}],"wp:attachment":[{"href":"https:\/\/www.agriflanders.be\/fr\/wp-json\/wp\/v2\/media?parent=8550"}],"curies":[{"name":"wp","href":"https:\/\/api.w.org\/{rel}","templated":true}]}}