{"id":8512,"date":"2022-10-29T12:55:43","date_gmt":"2022-10-29T12:55:43","guid":{"rendered":"http:\/\/agriflanders.be\/?page_id=8512"},"modified":"2026-04-10T12:34:00","modified_gmt":"2026-04-10T12:34:00","slug":"bezoekers-tickets","status":"publish","type":"page","link":"https:\/\/www.agriflanders.be\/fr\/bezoekers-tickets\/","title":{"rendered":"Visiteurs | Des billets"},"content":{"rendered":"<div data-elementor-type=\"wp-page\" data-elementor-id=\"8512\" class=\"elementor elementor-8512\" data-elementor-post-type=\"page\">\n\t\t\t\t\t\t<section class=\"elementor-section elementor-top-section elementor-element elementor-element-4a948e3 elementor-section-boxed elementor-section-height-default elementor-section-height-default\" data-id=\"4a948e3\" data-element_type=\"section\" data-e-type=\"section\">\n\t\t\t\t\t\t<div class=\"elementor-container elementor-column-gap-default\">\n\t\t\t\t\t<div class=\"elementor-column elementor-col-100 elementor-top-column elementor-element elementor-element-69e0558\" data-id=\"69e0558\" data-element_type=\"column\" data-e-type=\"column\">\n\t\t\t<div class=\"elementor-widget-wrap elementor-element-populated\">\n\t\t\t\t\t\t<div class=\"elementor-element elementor-element-ae9dff1 elementor-widget elementor-widget-heading\" data-id=\"ae9dff1\" data-element_type=\"widget\" data-e-type=\"widget\" data-widget_type=\"heading.default\">\n\t\t\t\t<div class=\"elementor-widget-container\">\n\t\t\t\t\t<h2 class=\"elementor-heading-title elementor-size-default\">Commander des billets<\/h2>\t\t\t\t<\/div>\n\t\t\t\t<\/div>\n\t\t\t\t\t<\/div>\n\t\t<\/div>\n\t\t\t\t\t<\/div>\n\t\t<\/section>\n\t\t\t\t<section class=\"elementor-section elementor-top-section elementor-element elementor-element-7f242d6 elementor-section-boxed elementor-section-height-default elementor-section-height-default\" data-id=\"7f242d6\" data-element_type=\"section\" data-e-type=\"section\">\n\t\t\t\t\t\t<div class=\"elementor-container elementor-column-gap-default\">\n\t\t\t\t\t<div class=\"elementor-column elementor-col-50 elementor-top-column elementor-element elementor-element-79c57a5\" data-id=\"79c57a5\" data-element_type=\"column\" data-e-type=\"column\">\n\t\t\t<div class=\"elementor-widget-wrap elementor-element-populated\">\n\t\t\t\t\t\t<div class=\"elementor-element elementor-element-f689b61 elementor-widget elementor-widget-heading\" data-id=\"f689b61\" data-element_type=\"widget\" data-e-type=\"widget\" data-widget_type=\"heading.default\">\n\t\t\t\t<div class=\"elementor-widget-container\">\n\t\t\t\t\t<h3 class=\"elementor-heading-title elementor-size-default\">Frais d&#039;entr\u00e9e<\/h3>\t\t\t\t<\/div>\n\t\t\t\t<\/div>\n\t\t\t\t<div class=\"elementor-element elementor-element-c39afd6 elementor-icon-list--layout-traditional elementor-list-item-link-full_width elementor-widget elementor-widget-icon-list\" data-id=\"c39afd6\" data-element_type=\"widget\" data-e-type=\"widget\" data-widget_type=\"icon-list.default\">\n\t\t\t\t<div class=\"elementor-widget-container\">\n\t\t\t\t\t\t\t<ul class=\"elementor-icon-list-items\">\n\t\t\t\t\t\t\t<li class=\"elementor-icon-list-item\">\n\t\t\t\t\t\t\t\t\t\t\t<span class=\"elementor-icon-list-icon\">\n\t\t\t\t\t\t\t<i aria-hidden=\"true\" class=\"fas fa-circle\"><\/i>\t\t\t\t\t\t<\/span>\n\t\t\t\t\t\t\t\t\t\t<span class=\"elementor-icon-list-text\">Adultes : 19 \u20ac<\/span>\n\t\t\t\t\t\t\t\t\t<\/li>\n\t\t\t\t\t\t\t\t<li class=\"elementor-icon-list-item\">\n\t\t\t\t\t\t\t\t\t\t\t<span class=\"elementor-icon-list-icon\">\n\t\t\t\t\t\t\t<i aria-hidden=\"true\" class=\"fas fa-circle\"><\/i>\t\t\t\t\t\t<\/span>\n\t\t\t\t\t\t\t\t\t\t<span class=\"elementor-icon-list-text\">Avec carte de r\u00e9duction : 10 \u20ac<\/span>\n\t\t\t\t\t\t\t\t\t<\/li>\n\t\t\t\t\t\t\t\t<li class=\"elementor-icon-list-item\">\n\t\t\t\t\t\t\t\t\t\t\t<span class=\"elementor-icon-list-icon\">\n\t\t\t\t\t\t\t<i aria-hidden=\"true\" class=\"fas fa-circle\"><\/i>\t\t\t\t\t\t<\/span>\n\t\t\t\t\t\t\t\t\t\t<span class=\"elementor-icon-list-text\">Tarif de r\u00e9duction pour les clients KBC\u00a0: 10\u00a0\u20ac (pr\u00e9vente uniquement via ce site web)<\/span>\n\t\t\t\t\t\t\t\t\t<\/li>\n\t\t\t\t\t\t\t\t<li class=\"elementor-icon-list-item\">\n\t\t\t\t\t\t\t\t\t\t\t<span class=\"elementor-icon-list-icon\">\n\t\t\t\t\t\t\t<i aria-hidden=\"true\" class=\"fas fa-circle\"><\/i>\t\t\t\t\t\t<\/span>\n\t\t\t\t\t\t\t\t\t\t<span class=\"elementor-icon-list-text\">Enfants (-12a) : gratuit<\/span>\n\t\t\t\t\t\t\t\t\t<\/li>\n\t\t\t\t\t\t\t\t<li class=\"elementor-icon-list-item\">\n\t\t\t\t\t\t\t\t\t\t\t<span class=\"elementor-icon-list-icon\">\n\t\t\t\t\t\t\t<i aria-hidden=\"true\" class=\"fas fa-circle\"><\/i>\t\t\t\t\t\t<\/span>\n\t\t\t\t\t\t\t\t\t\t<span class=\"elementor-icon-list-text\">\u00c9coles\u00a0: 10\u00a0\u20ac (pr\u00e9vente uniquement via <a href=\"https:\/\/www.agriflanders.be\/wp-content\/uploads\/2024\/09\/Aanvraagformulier-landbouwscholen-Agriflanders-2025.pdf\" target=\"_blank\">ce formulaire<\/a><\/span>\n\t\t\t\t\t\t\t\t\t<\/li>\n\t\t\t\t\t\t<\/ul>\n\t\t\t\t\t\t<\/div>\n\t\t\t\t<\/div>\n\t\t\t\t<div class=\"elementor-element elementor-element-2d7074b elementor-widget elementor-widget-text-editor\" data-id=\"2d7074b\" data-element_type=\"widget\" data-e-type=\"widget\" data-widget_type=\"text-editor.default\">\n\t\t\t\t<div class=\"elementor-widget-container\">\n\t\t\t\t\t\t\t\t\t<p>Vous pouvez r\u00e9server vos billets pour Agriflanders 2027 en cliquant sur le bouton ci-dessous. Chaque billet donne acc\u00e8s \u00e0 Agriflanders pour une journ\u00e9e d&#039;exposition de votre choix. Vous pouvez \u00e9galement utiliser une carte de r\u00e9duction (une seule carte par billet). Dans ce cas, veuillez saisir le code de r\u00e9duction figurant sous le code-barres de votre carte lors de votre commande.<\/p>\t\t\t\t\t\t\t\t<\/div>\n\t\t\t\t<\/div>\n\t\t\t\t<div class=\"elementor-element elementor-element-84d96b6 elementor-widget elementor-widget-button\" data-id=\"84d96b6\" data-element_type=\"widget\" data-e-type=\"widget\" data-widget_type=\"button.default\">\n\t\t\t\t<div class=\"elementor-widget-container\">\n\t\t\t\t\t\t\t\t\t<div class=\"elementor-button-wrapper\">\n\t\t\t\t\t<a class=\"elementor-button elementor-button-link elementor-size-sm\" href=\"https:\/\/shop3.zetes.be\/stepfactory.aspx?AGNT=674&#038;LG=nl-NL\" target=\"_blank\">\n\t\t\t\t\t\t<span class=\"elementor-button-content-wrapper\">\n\t\t\t\t\t\t\t\t\t<span class=\"elementor-button-text\">Commander des billets<\/span>\n\t\t\t\t\t<\/span>\n\t\t\t\t\t<\/a>\n\t\t\t\t<\/div>\n\t\t\t\t\t\t\t\t<\/div>\n\t\t\t\t<\/div>\n\t\t\t\t\t<\/div>\n\t\t<\/div>\n\t\t\t\t<div class=\"elementor-column elementor-col-50 elementor-top-column elementor-element elementor-element-2494bf6\" data-id=\"2494bf6\" data-element_type=\"column\" data-e-type=\"column\">\n\t\t\t<div class=\"elementor-widget-wrap elementor-element-populated\">\n\t\t\t\t\t\t<div class=\"elementor-element elementor-element-4b969d3 elementor-widget elementor-widget-heading\" data-id=\"4b969d3\" data-element_type=\"widget\" data-e-type=\"widget\" data-widget_type=\"heading.default\">\n\t\t\t\t<div class=\"elementor-widget-container\">\n\t\t\t\t\t<h3 class=\"elementor-heading-title elementor-size-default\">Le sponsor principal KBC r\u00e9gale !<\/h3>\t\t\t\t<\/div>\n\t\t\t\t<\/div>\n\t\t\t\t<div class=\"elementor-element elementor-element-9f86b69 elementor-widget elementor-widget-image\" data-id=\"9f86b69\" data-element_type=\"widget\" data-e-type=\"widget\" data-widget_type=\"image.default\">\n\t\t\t\t<div class=\"elementor-widget-container\">\n\t\t\t\t\t\t\t\t\t\t\t\t\t\t\t<img decoding=\"async\" width=\"150\" height=\"117\" src=\"https:\/\/www.agriflanders.be\/wp-content\/uploads\/2022\/09\/KBC.svg\" class=\"attachment-thumbnail size-thumbnail wp-image-8301\" alt=\"\" srcset=\"https:\/\/www.agriflanders.be\/wp-content\/uploads\/KBC.svg 150w, https:\/\/www.agriflanders.be\/wp-content\/uploads\/KBC.svg 300w, https:\/\/www.agriflanders.be\/wp-content\/uploads\/KBC.svg 768w, https:\/\/www.agriflanders.be\/wp-content\/uploads\/KBC.svg 1024w, https:\/\/www.agriflanders.be\/wp-content\/uploads\/KBC.svg 245w\" sizes=\"(max-width: 150px) 85vw, 150px\" \/>\t\t\t\t\t\t\t\t\t\t\t\t\t\t\t<\/div>\n\t\t\t\t<\/div>\n\t\t\t\t<div class=\"elementor-element elementor-element-e2bc191 elementor-widget elementor-widget-text-editor\" data-id=\"e2bc191\" data-element_type=\"widget\" data-e-type=\"widget\" data-widget_type=\"text-editor.default\">\n\t\t\t\t<div class=\"elementor-widget-container\">\n\t\t\t\t\t\t\t\t\t<p>KBC est fier d&#039;\u00eatre le sponsor principal d&#039;Agriflanders pour la 14e ann\u00e9e cons\u00e9cutive\u00a0! C&#039;est pourquoi les clients de KBC peuvent acheter un billet d&#039;entr\u00e9e \u00e0 10\u00a0\u20ac au lieu de 19\u00a0\u20ac en cliquant sur le bouton ci-dessous\u00a0!&nbsp;<br>Attention : le paiement doit \u00eatre effectu\u00e9 avec un compte KBC et un maximum de 5 billets peut \u00eatre command\u00e9 par client. Cette promotion est valable jusqu'\u00e0 \u00e9puisement du stock. Il y a 15 000 billets disponibles.<\/p>\t\t\t\t\t\t\t\t<\/div>\n\t\t\t\t<\/div>\n\t\t\t\t<div class=\"elementor-element elementor-element-edabb18 elementor-widget elementor-widget-button\" data-id=\"edabb18\" data-element_type=\"widget\" data-e-type=\"widget\" data-widget_type=\"button.default\">\n\t\t\t\t<div class=\"elementor-widget-container\">\n\t\t\t\t\t\t\t\t\t<div class=\"elementor-button-wrapper\">\n\t\t\t\t\t<a class=\"elementor-button elementor-button-link elementor-size-sm\" href=\"https:\/\/shop3.zetes.be\/stepfactory.aspx?AGNT=675&#038;CODE=KB910960088&#038;LG=nl-NL\" target=\"_blank\">\n\t\t\t\t\t\t<span class=\"elementor-button-content-wrapper\">\n\t\t\t\t\t\t\t\t\t<span class=\"elementor-button-text\">Commander un billet de r\u00e9duction KBC<\/span>\n\t\t\t\t\t<\/span>\n\t\t\t\t\t<\/a>\n\t\t\t\t<\/div>\n\t\t\t\t\t\t\t\t<\/div>\n\t\t\t\t<\/div>\n\t\t\t\t\t<\/div>\n\t\t<\/div>\n\t\t\t\t\t<\/div>\n\t\t<\/section>\n\t\t\t\t<section class=\"elementor-section elementor-top-section elementor-element elementor-element-b5284bf elementor-section-boxed elementor-section-height-default elementor-section-height-default\" data-id=\"b5284bf\" data-element_type=\"section\" data-e-type=\"section\">\n\t\t\t\t\t\t<div class=\"elementor-container elementor-column-gap-default\">\n\t\t\t\t\t<div class=\"elementor-column elementor-col-50 elementor-top-column elementor-element elementor-element-ab28bb9\" data-id=\"ab28bb9\" data-element_type=\"column\" data-e-type=\"column\">\n\t\t\t<div class=\"elementor-widget-wrap elementor-element-populated\">\n\t\t\t\t\t\t<div class=\"elementor-element elementor-element-8e05832 elementor-widget elementor-widget-image\" data-id=\"8e05832\" data-element_type=\"widget\" data-e-type=\"widget\" data-widget_type=\"image.default\">\n\t\t\t\t<div class=\"elementor-widget-container\">\n\t\t\t\t\t\t\t\t\t\t\t\t\t\t\t<img decoding=\"async\" src=\"https:\/\/www.agriflanders.be\/wp-content\/uploads\/elementor\/thumbs\/46053082634_6a6da51578_o-scaled-q0y3px82wrt4ynfw99gy6h4bpkk41imshri5svtvik.jpg\" title=\"46053082634_6a6da51578_o\" alt=\"46053082634_6a6da51578_o\" loading=\"lazy\" \/>\t\t\t\t\t\t\t\t\t\t\t\t\t\t\t<\/div>\n\t\t\t\t<\/div>\n\t\t\t\t\t<\/div>\n\t\t<\/div>\n\t\t\t\t<div class=\"elementor-column elementor-col-50 elementor-top-column elementor-element elementor-element-c7348bc\" data-id=\"c7348bc\" data-element_type=\"column\" data-e-type=\"column\">\n\t\t\t<div class=\"elementor-widget-wrap elementor-element-populated\">\n\t\t\t\t\t\t<div class=\"elementor-element elementor-element-abbff3c elementor-widget elementor-widget-image\" data-id=\"abbff3c\" data-element_type=\"widget\" data-e-type=\"widget\" data-widget_type=\"image.default\">\n\t\t\t\t<div class=\"elementor-widget-container\">\n\t\t\t\t\t\t\t\t\t\t\t\t\t\t\t<img decoding=\"async\" src=\"https:\/\/www.agriflanders.be\/wp-content\/uploads\/elementor\/thumbs\/31832711917_8ecaa0d1d5_o-resized-scaled-q0y3px82wrt4ynfw99gy6h4bpkk41imshri5svtvik.jpg\" title=\"31832711917_8ecaa0d1d5_o-redimensionn\u00e9\" alt=\"31832711917_8ecaa0d1d5_o-redimensionn\u00e9\" loading=\"lazy\" \/>\t\t\t\t\t\t\t\t\t\t\t\t\t\t\t<\/div>\n\t\t\t\t<\/div>\n\t\t\t\t\t<\/div>\n\t\t<\/div>\n\t\t\t\t\t<\/div>\n\t\t<\/section>\n\t\t\t\t<section class=\"elementor-section elementor-top-section elementor-element elementor-element-1330875 elementor-section-boxed elementor-section-height-default elementor-section-height-default\" data-id=\"1330875\" data-element_type=\"section\" data-e-type=\"section\">\n\t\t\t\t\t\t<div class=\"elementor-container elementor-column-gap-default\">\n\t\t\t\t\t<div class=\"elementor-column elementor-col-100 elementor-top-column elementor-element elementor-element-35bb835\" data-id=\"35bb835\" data-element_type=\"column\" data-e-type=\"column\">\n\t\t\t<div class=\"elementor-widget-wrap elementor-element-populated\">\n\t\t\t\t\t\t<div class=\"elementor-element elementor-element-76fbcfc elementor-widget elementor-widget-wp-widget-categories\" data-id=\"76fbcfc\" data-element_type=\"widget\" data-e-type=\"widget\" data-widget_type=\"wp-widget-categories.default\">\n\t\t\t\t<div class=\"elementor-widget-container\">\n\t\t\t\t\t<h5>Cat\u00e9gories<\/h5><nav aria-label=\"Cat\u00e9gories\">\n\t\t\t<ul>\n\t\t\t\t\t<li class=\"cat-item cat-item-1\"><a href=\"https:\/\/www.agriflanders.be\/fr\/category\/uncategorized\/\">Non class\u00e9<\/a>\n<\/li>\n\t\t\t<\/ul>\n\n\t\t\t<\/nav>\t\t\t\t<\/div>\n\t\t\t\t<\/div>\n\t\t\t\t\t<\/div>\n\t\t<\/div>\n\t\t\t\t\t<\/div>\n\t\t<\/section>\n\t\t\t\t<\/div>","protected":false},"excerpt":{"rendered":"<p>Billetterie  Tarif d&#039;entr\u00e9e  Adultes : 19 \u20ac  Avec carte de r\u00e9duction : 10 \u20ac  Tarif r\u00e9duit pour les clients KBC : 10 \u20ac (uniquement en pr\u00e9vente sur ce site web)  Enfants (-12 ans) : gratuit  Scolaires : 10 \u20ac (uniquement en pr\u00e9vente via ce formulaire)  Vous pouvez r\u00e9server vos billets pour Agriflanders 2027 en cliquant sur le bouton ci-dessous. Chaque billet donne droit \u00e0 une entr\u00e9e \u00e0 Agriflanders, pour une journ\u00e9e d&#039;exposition de votre choix. <a href=\"https:\/\/www.agriflanders.be\/fr\/bezoekers-tickets\/\" class=\"more-link\">continuer la lecture<span class=\"screen-reader-text\"> \u00ab\u00a0Visiteurs | Des billets&quot;<\/span><\/a><\/p>","protected":false},"author":1,"featured_media":0,"parent":0,"menu_order":14,"comment_status":"closed","ping_status":"closed","template":"elementor_header_footer","meta":{"_acf_changed":false,"footnotes":""},"class_list":["post-8512","page","type-page","status-publish","hentry"],"acf":[],"yoast_head":"<!-- This site is optimized with the Yoast SEO plugin v27.5 - https:\/\/yoast.com\/product\/yoast-seo-wordpress\/ -->\n<title>Bezoekers | Tickets - Agriflanders<\/title>\n<meta name=\"robots\" content=\"index, follow, max-snippet:-1, max-image-preview:large, max-video-preview:-1\" \/>\n<link rel=\"canonical\" href=\"https:\/\/www.agriflanders.be\/fr\/bezoekers-tickets\/\" \/>\n<meta property=\"og:locale\" content=\"fr_FR\" \/>\n<meta property=\"og:type\" content=\"article\" \/>\n<meta property=\"og:title\" content=\"Bezoekers | Tickets - Agriflanders\" \/>\n<meta property=\"og:description\" content=\"Tickets bestellen Toegangsprijs Volwassenen: \u20ac 19 Met verminderingskaart: \u20ac 10 Voordeeltarief KBC-klanten: \u20ac 10 (enkel in voorverkoop via deze website) Kinderen (-12j): gratis Scholen: \u20ac 10 (enkel in voorverkoop via dit formulier Via onderstaande knop kan u tickets bestellen voor Agriflanders 2027. Ieder ticket geeft 1 keer toegang tot Agriflanders op 1 beursdag naar keuze. &hellip; Continue reading &quot;Bezoekers | Tickets&quot;\" \/>\n<meta property=\"og:url\" content=\"https:\/\/www.agriflanders.be\/fr\/bezoekers-tickets\/\" \/>\n<meta property=\"og:site_name\" content=\"Agriflanders\" \/>\n<meta property=\"article:modified_time\" content=\"2026-04-10T12:34:00+00:00\" \/>\n<meta name=\"twitter:card\" content=\"summary_large_image\" \/>\n<meta name=\"twitter:label1\" content=\"Dur\u00e9e de lecture est.\" \/>\n\t<meta name=\"twitter:data1\" content=\"2 minutes\" \/>\n<script type=\"application\/ld+json\" class=\"yoast-schema-graph\">{\"@context\":\"https:\\\/\\\/schema.org\",\"@graph\":[{\"@type\":\"WebPage\",\"@id\":\"https:\\\/\\\/www.agriflanders.be\\\/bezoekers-tickets\\\/\",\"url\":\"https:\\\/\\\/www.agriflanders.be\\\/bezoekers-tickets\\\/\",\"name\":\"Bezoekers | Tickets - Agriflanders\",\"isPartOf\":{\"@id\":\"https:\\\/\\\/www.agriflanders.be\\\/nl\\\/#website\"},\"primaryImageOfPage\":{\"@id\":\"https:\\\/\\\/www.agriflanders.be\\\/bezoekers-tickets\\\/#primaryimage\"},\"image\":{\"@id\":\"https:\\\/\\\/www.agriflanders.be\\\/bezoekers-tickets\\\/#primaryimage\"},\"thumbnailUrl\":\"https:\\\/\\\/www.agriflanders.be\\\/wp-content\\\/uploads\\\/2022\\\/09\\\/KBC.svg\",\"datePublished\":\"2022-10-29T12:55:43+00:00\",\"dateModified\":\"2026-04-10T12:34:00+00:00\",\"breadcrumb\":{\"@id\":\"https:\\\/\\\/www.agriflanders.be\\\/bezoekers-tickets\\\/#breadcrumb\"},\"inLanguage\":\"fr-BE\",\"potentialAction\":[{\"@type\":\"ReadAction\",\"target\":[\"https:\\\/\\\/www.agriflanders.be\\\/bezoekers-tickets\\\/\"]}]},{\"@type\":\"ImageObject\",\"inLanguage\":\"fr-BE\",\"@id\":\"https:\\\/\\\/www.agriflanders.be\\\/bezoekers-tickets\\\/#primaryimage\",\"url\":\"https:\\\/\\\/www.agriflanders.be\\\/wp-content\\\/uploads\\\/2022\\\/09\\\/KBC.svg\",\"contentUrl\":\"https:\\\/\\\/www.agriflanders.be\\\/wp-content\\\/uploads\\\/2022\\\/09\\\/KBC.svg\"},{\"@type\":\"BreadcrumbList\",\"@id\":\"https:\\\/\\\/www.agriflanders.be\\\/bezoekers-tickets\\\/#breadcrumb\",\"itemListElement\":[{\"@type\":\"ListItem\",\"position\":1,\"name\":\"Home\",\"item\":\"https:\\\/\\\/www.agriflanders.be\\\/nl\\\/\"},{\"@type\":\"ListItem\",\"position\":2,\"name\":\"Bezoekers | Tickets\"}]},{\"@type\":\"WebSite\",\"@id\":\"https:\\\/\\\/www.agriflanders.be\\\/nl\\\/#website\",\"url\":\"https:\\\/\\\/www.agriflanders.be\\\/nl\\\/\",\"name\":\"Agriflanders\",\"description\":\"Vakbeurs voor intensieve veeteelt en mechanisatie op erfniveau\",\"potentialAction\":[{\"@type\":\"SearchAction\",\"target\":{\"@type\":\"EntryPoint\",\"urlTemplate\":\"https:\\\/\\\/www.agriflanders.be\\\/nl\\\/?s={search_term_string}\"},\"query-input\":{\"@type\":\"PropertyValueSpecification\",\"valueRequired\":true,\"valueName\":\"search_term_string\"}}],\"inLanguage\":\"fr-BE\"}]}<\/script>\n<!-- \/ Yoast SEO plugin. -->","yoast_head_json":{"title":"Visiteurs | Billetterie - Agriflanders","robots":{"index":"index","follow":"follow","max-snippet":"max-snippet:-1","max-image-preview":"max-image-preview:large","max-video-preview":"max-video-preview:-1"},"canonical":"https:\/\/www.agriflanders.be\/fr\/bezoekers-tickets\/","og_locale":"fr_FR","og_type":"article","og_title":"Bezoekers | Tickets - Agriflanders","og_description":"Tickets bestellen Toegangsprijs Volwassenen: \u20ac 19 Met verminderingskaart: \u20ac 10 Voordeeltarief KBC-klanten: \u20ac 10 (enkel in voorverkoop via deze website) Kinderen (-12j): gratis Scholen: \u20ac 10 (enkel in voorverkoop via dit formulier Via onderstaande knop kan u tickets bestellen voor Agriflanders 2027. Ieder ticket geeft 1 keer toegang tot Agriflanders op 1 beursdag naar keuze. &hellip; Continue reading \"Bezoekers | Tickets\"","og_url":"https:\/\/www.agriflanders.be\/fr\/bezoekers-tickets\/","og_site_name":"Agriflanders","article_modified_time":"2026-04-10T12:34:00+00:00","twitter_card":"summary_large_image","twitter_misc":{"Dur\u00e9e de lecture est.":"2 minutes"},"schema":{"@context":"https:\/\/schema.org","@graph":[{"@type":"WebPage","@id":"https:\/\/www.agriflanders.be\/bezoekers-tickets\/","url":"https:\/\/www.agriflanders.be\/bezoekers-tickets\/","name":"Visiteurs | Billetterie - Agriflanders","isPartOf":{"@id":"https:\/\/www.agriflanders.be\/nl\/#website"},"primaryImageOfPage":{"@id":"https:\/\/www.agriflanders.be\/bezoekers-tickets\/#primaryimage"},"image":{"@id":"https:\/\/www.agriflanders.be\/bezoekers-tickets\/#primaryimage"},"thumbnailUrl":"https:\/\/www.agriflanders.be\/wp-content\/uploads\/2022\/09\/KBC.svg","datePublished":"2022-10-29T12:55:43+00:00","dateModified":"2026-04-10T12:34:00+00:00","breadcrumb":{"@id":"https:\/\/www.agriflanders.be\/bezoekers-tickets\/#breadcrumb"},"inLanguage":"fr-BE","potentialAction":[{"@type":"ReadAction","target":["https:\/\/www.agriflanders.be\/bezoekers-tickets\/"]}]},{"@type":"ImageObject","inLanguage":"fr-BE","@id":"https:\/\/www.agriflanders.be\/bezoekers-tickets\/#primaryimage","url":"https:\/\/www.agriflanders.be\/wp-content\/uploads\/2022\/09\/KBC.svg","contentUrl":"https:\/\/www.agriflanders.be\/wp-content\/uploads\/2022\/09\/KBC.svg"},{"@type":"BreadcrumbList","@id":"https:\/\/www.agriflanders.be\/bezoekers-tickets\/#breadcrumb","itemListElement":[{"@type":"ListItem","position":1,"name":"Home","item":"https:\/\/www.agriflanders.be\/nl\/"},{"@type":"ListItem","position":2,"name":"Bezoekers | Tickets"}]},{"@type":"WebSite","@id":"https:\/\/www.agriflanders.be\/nl\/#website","url":"https:\/\/www.agriflanders.be\/nl\/","name":"Agriflanders","description":"Salon de l&#039;\u00e9levage intensif et de la m\u00e9canisation \u00e0 la ferme","potentialAction":[{"@type":"SearchAction","target":{"@type":"EntryPoint","urlTemplate":"https:\/\/www.agriflanders.be\/nl\/?s={search_term_string}"},"query-input":{"@type":"PropertyValueSpecification","valueRequired":true,"valueName":"search_term_string"}}],"inLanguage":"fr-BE"}]}},"_links":{"self":[{"href":"https:\/\/www.agriflanders.be\/fr\/wp-json\/wp\/v2\/pages\/8512","targetHints":{"allow":["GET"]}}],"collection":[{"href":"https:\/\/www.agriflanders.be\/fr\/wp-json\/wp\/v2\/pages"}],"about":[{"href":"https:\/\/www.agriflanders.be\/fr\/wp-json\/wp\/v2\/types\/page"}],"author":[{"embeddable":true,"href":"https:\/\/www.agriflanders.be\/fr\/wp-json\/wp\/v2\/users\/1"}],"replies":[{"embeddable":true,"href":"https:\/\/www.agriflanders.be\/fr\/wp-json\/wp\/v2\/comments?post=8512"}],"version-history":[{"count":4,"href":"https:\/\/www.agriflanders.be\/fr\/wp-json\/wp\/v2\/pages\/8512\/revisions"}],"predecessor-version":[{"id":11798,"href":"https:\/\/www.agriflanders.be\/fr\/wp-json\/wp\/v2\/pages\/8512\/revisions\/11798"}],"wp:attachment":[{"href":"https:\/\/www.agriflanders.be\/fr\/wp-json\/wp\/v2\/media?parent=8512"}],"curies":[{"name":"wp","href":"https:\/\/api.w.org\/{rel}","templated":true}]}}