{"id":6297,"date":"2022-03-13T17:38:52","date_gmt":"2022-03-13T17:38:52","guid":{"rendered":"http:\/\/agriflanders.be\/?page_id=6297"},"modified":"2026-04-10T12:45:09","modified_gmt":"2026-04-10T12:45:09","slug":"bezoekers-beursplan","status":"publish","type":"page","link":"https:\/\/www.agriflanders.be\/fr\/bezoekers-beursplan\/","title":{"rendered":"Visiteurs | Plan d&#039;exposition"},"content":{"rendered":"<div data-elementor-type=\"wp-page\" data-elementor-id=\"6297\" class=\"elementor elementor-6297\" data-elementor-post-type=\"page\">\n\t\t\t\t\t\t<section class=\"elementor-section elementor-top-section elementor-element elementor-element-edeab1e elementor-section-boxed elementor-section-height-default elementor-section-height-default\" data-id=\"edeab1e\" data-element_type=\"section\" data-e-type=\"section\">\n\t\t\t\t\t\t<div class=\"elementor-container elementor-column-gap-wider\">\n\t\t\t\t\t<div class=\"elementor-column elementor-col-50 elementor-top-column elementor-element elementor-element-088f355\" data-id=\"088f355\" data-element_type=\"column\" data-e-type=\"column\">\n\t\t\t<div class=\"elementor-widget-wrap elementor-element-populated\">\n\t\t\t\t\t\t<div class=\"elementor-element elementor-element-a0ea828 elementor-widget elementor-widget-heading\" data-id=\"a0ea828\" data-element_type=\"widget\" data-e-type=\"widget\" data-widget_type=\"heading.default\">\n\t\t\t\t<div class=\"elementor-widget-container\">\n\t\t\t\t\t<h2 class=\"elementor-heading-title elementor-size-default\">Plan d&#039;exposition<\/h2>\t\t\t\t<\/div>\n\t\t\t\t<\/div>\n\t\t\t\t<div class=\"elementor-element elementor-element-70085d1 elementor-widget elementor-widget-heading\" data-id=\"70085d1\" data-element_type=\"widget\" data-e-type=\"widget\" data-widget_type=\"heading.default\">\n\t\t\t\t<div class=\"elementor-widget-container\">\n\t\t\t\t\t<h3 class=\"elementor-heading-title elementor-size-default\">Plan du salon<\/h3>\t\t\t\t<\/div>\n\t\t\t\t<\/div>\n\t\t\t\t<div class=\"elementor-element elementor-element-fd267a1 elementor-widget elementor-widget-text-editor\" data-id=\"fd267a1\" data-element_type=\"widget\" data-e-type=\"widget\" data-widget_type=\"text-editor.default\">\n\t\t\t\t<div class=\"elementor-widget-container\">\n\t\t\t\t\t\t\t\t\t<p>Avec un nombre record de 377 exposants, le salon Agriflanders affichait complet en 2025\u00a0! Les 8 halls de Flanders Expo sont agenc\u00e9s comme suit\u00a0:<\/p>\t\t\t\t\t\t\t\t<\/div>\n\t\t\t\t<\/div>\n\t\t\t\t<div class=\"elementor-element elementor-element-3b478a3 elementor-icon-list--layout-traditional elementor-list-item-link-full_width elementor-widget elementor-widget-icon-list\" data-id=\"3b478a3\" data-element_type=\"widget\" data-e-type=\"widget\" data-widget_type=\"icon-list.default\">\n\t\t\t\t<div class=\"elementor-widget-container\">\n\t\t\t\t\t\t\t<ul class=\"elementor-icon-list-items\">\n\t\t\t\t\t\t\t<li class=\"elementor-icon-list-item\">\n\t\t\t\t\t\t\t\t\t\t\t<span class=\"elementor-icon-list-icon\">\n\t\t\t\t\t\t\t<i aria-hidden=\"true\" class=\"fas fa-circle\"><\/i>\t\t\t\t\t\t<\/span>\n\t\t\t\t\t\t\t\t\t\t<span class=\"elementor-icon-list-text\"><strong>Salle 1 :<\/strong> m\u00e9canisation, alimentation animale, approvisionnement du b\u00e9tail, couvoirs, IA porcs, services, banques<\/span>\n\t\t\t\t\t\t\t\t\t<\/li>\n\t\t\t\t\t\t\t\t<li class=\"elementor-icon-list-item\">\n\t\t\t\t\t\t\t\t\t\t\t<span class=\"elementor-icon-list-icon\">\n\t\t\t\t\t\t\t<i aria-hidden=\"true\" class=\"fas fa-circle\"><\/i>\t\t\t\t\t\t<\/span>\n\t\t\t\t\t\t\t\t\t\t<span class=\"elementor-icon-list-text\"><strong>Salle 2 :<\/strong> m\u00e9canisation<\/span>\n\t\t\t\t\t\t\t\t\t<\/li>\n\t\t\t\t\t\t\t\t<li class=\"elementor-icon-list-item\">\n\t\t\t\t\t\t\t\t\t\t\t<span class=\"elementor-icon-list-icon\">\n\t\t\t\t\t\t\t<i aria-hidden=\"true\" class=\"fas fa-circle\"><\/i>\t\t\t\t\t\t<\/span>\n\t\t\t\t\t\t\t\t\t\t<span class=\"elementor-icon-list-text\"><strong>Salle 3 :<\/strong> m\u00e9canisation<\/span>\n\t\t\t\t\t\t\t\t\t<\/li>\n\t\t\t\t\t\t\t\t<li class=\"elementor-icon-list-item\">\n\t\t\t\t\t\t\t\t\t\t\t<span class=\"elementor-icon-list-icon\">\n\t\t\t\t\t\t\t<i aria-hidden=\"true\" class=\"fas fa-circle\"><\/i>\t\t\t\t\t\t<\/span>\n\t\t\t\t\t\t\t\t\t\t<span class=\"elementor-icon-list-text\"><strong>Salle 4 :<\/strong> gouvernements, \u00e9ducation, services, approvisionnement en r\u00e9coltes<\/span>\n\t\t\t\t\t\t\t\t\t<\/li>\n\t\t\t\t\t\t\t\t<li class=\"elementor-icon-list-item\">\n\t\t\t\t\t\t\t\t\t\t\t<span class=\"elementor-icon-list-icon\">\n\t\t\t\t\t\t\t<i aria-hidden=\"true\" class=\"fas fa-circle\"><\/i>\t\t\t\t\t\t<\/span>\n\t\t\t\t\t\t\t\t\t\t<span class=\"elementor-icon-list-text\"><strong>Salle 5 :<\/strong> construction et am\u00e9nagement d'\u00e9tables, approvisionnement de b\u00e9tail<\/span>\n\t\t\t\t\t\t\t\t\t<\/li>\n\t\t\t\t\t\t\t\t<li class=\"elementor-icon-list-item\">\n\t\t\t\t\t\t\t\t\t\t\t<span class=\"elementor-icon-list-icon\">\n\t\t\t\t\t\t\t<i aria-hidden=\"true\" class=\"fas fa-circle\"><\/i>\t\t\t\t\t\t<\/span>\n\t\t\t\t\t\t\t\t\t\t<span class=\"elementor-icon-list-text\"><strong>Salle 6 :<\/strong> m\u00e9canisation, \u00e9quipements d&#039;\u00e9table, mat\u00e9riel d&#039;\u00e9levage, produits r\u00e9gionaux<\/span>\n\t\t\t\t\t\t\t\t\t<\/li>\n\t\t\t\t\t\t\t\t<li class=\"elementor-icon-list-item\">\n\t\t\t\t\t\t\t\t\t\t\t<span class=\"elementor-icon-list-icon\">\n\t\t\t\t\t\t\t<i aria-hidden=\"true\" class=\"fas fa-circle\"><\/i>\t\t\t\t\t\t<\/span>\n\t\t\t\t\t\t\t\t\t\t<span class=\"elementor-icon-list-text\"><strong>Salle 7 :<\/strong> construction et am\u00e9nagement d'\u00e9tables, approvisionnement de b\u00e9tail<\/span>\n\t\t\t\t\t\t\t\t\t<\/li>\n\t\t\t\t\t\t\t\t<li class=\"elementor-icon-list-item\">\n\t\t\t\t\t\t\t\t\t\t\t<span class=\"elementor-icon-list-icon\">\n\t\t\t\t\t\t\t<i aria-hidden=\"true\" class=\"fas fa-circle\"><\/i>\t\t\t\t\t\t<\/span>\n\t\t\t\t\t\t\t\t\t\t<span class=\"elementor-icon-list-text\"><strong>Salle 8 :<\/strong> concours animaliers, expositions d'animaux (laitiers, viande, grands et petits chevaux, ovins et caprins, mini z\u00e9bus, alpagas), entreprises d'approvisionnement en b\u00e9tail<\/span>\n\t\t\t\t\t\t\t\t\t<\/li>\n\t\t\t\t\t\t<\/ul>\n\t\t\t\t\t\t<\/div>\n\t\t\t\t<\/div>\n\t\t\t\t<div class=\"elementor-element elementor-element-58fb363 elementor-widget elementor-widget-text-editor\" data-id=\"58fb363\" data-element_type=\"widget\" data-e-type=\"widget\" data-widget_type=\"text-editor.default\">\n\t\t\t\t<div class=\"elementor-widget-container\">\n\t\t\t\t\t\t\t\t\t<p><strong>En attendant le programme de l&#039;exposition 2027, vous pouvez consulter ci-dessous le programme d\u00e9taill\u00e9 de l&#039;\u00e9dition 2025.<\/strong><\/p>\t\t\t\t\t\t\t\t<\/div>\n\t\t\t\t<\/div>\n\t\t\t\t<div class=\"elementor-element elementor-element-bf4973e elementor-widget elementor-widget-button\" data-id=\"bf4973e\" data-element_type=\"widget\" data-e-type=\"widget\" data-widget_type=\"button.default\">\n\t\t\t\t<div class=\"elementor-widget-container\">\n\t\t\t\t\t\t\t\t\t<div class=\"elementor-button-wrapper\">\n\t\t\t\t\t<a class=\"elementor-button elementor-button-link elementor-size-sm\" href=\"https:\/\/www.agriflanders.be\/wp-content\/uploads\/2024\/12\/Beursplan-website.pdf\" target=\"_blank\">\n\t\t\t\t\t\t<span class=\"elementor-button-content-wrapper\">\n\t\t\t\t\t\t\t\t\t<span class=\"elementor-button-text\">Plan du salon Agriflanders 2025<\/span>\n\t\t\t\t\t<\/span>\n\t\t\t\t\t<\/a>\n\t\t\t\t<\/div>\n\t\t\t\t\t\t\t\t<\/div>\n\t\t\t\t<\/div>\n\t\t\t\t\t<\/div>\n\t\t<\/div>\n\t\t\t\t<div class=\"elementor-column elementor-col-50 elementor-top-column elementor-element elementor-element-1c2911b\" data-id=\"1c2911b\" data-element_type=\"column\" data-e-type=\"column\">\n\t\t\t<div class=\"elementor-widget-wrap elementor-element-populated\">\n\t\t\t\t\t\t<div class=\"elementor-element elementor-element-5dbdf96 float-right elementor-widget elementor-widget-shortcode\" data-id=\"5dbdf96\" data-element_type=\"widget\" data-e-type=\"widget\" data-widget_type=\"shortcode.default\">\n\t\t\t\t<div class=\"elementor-widget-container\">\n\t\t\t\t\t\t\t<div class=\"elementor-shortcode\"><div class=\"sponsor-level1\">\n\t<div class=\"sponsor-level1-inner\">\n\t<h5>Sponsor principal<\/h5><div class=\"sponsor-level1-logo\">\n\t\t\t<a href=\"https:\/\/www.kbc.be\/ondernemen\/nl\/specifieke-sectoren\/landbouw-en-tuinbouw\/agro.html\" target=\"_blank\"><img decoding=\"async\" src=\"https:\/\/www.agriflanders.be\/wp-content\/uploads\/2022\/09\/KBC.svg\"><\/a>\n\t\t<\/div><\/div>\n<\/div><\/div>\n\t\t\t\t\t\t<\/div>\n\t\t\t\t<\/div>\n\t\t\t\t\t<\/div>\n\t\t<\/div>\n\t\t\t\t\t<\/div>\n\t\t<\/section>\n\t\t\t\t<\/div>","protected":false},"excerpt":{"rendered":"<p>Plan du salon Agencement du salon Avec un nombre record de 377 exposants, le salon Agriflanders affichait complet en 2025\u00a0! Les 8 halls de Flanders Expo sont r\u00e9partis comme suit\u00a0: Hall 1\u00a0: m\u00e9canisation, alimentation animale, fournitures pour l\u2019\u00e9levage, couvoirs, ins\u00e9mination artificielle porcine, services, banques Hall 2\u00a0: m\u00e9canisation Hall 3\u00a0: m\u00e9canisation Hall 4\u00a0: gouvernement, \u00e9ducation, services, fournitures agricoles Hall 5\u00a0: construction d\u2019\u00e9curies\u2026 <a href=\"https:\/\/www.agriflanders.be\/fr\/sponsor\/sanac\/\" class=\"more-link\">continuer la lecture<span class=\"screen-reader-text\"> \u00ab\u00a0Sanac\u00a0\u00bb<\/span><\/a><\/p>","protected":false},"author":1,"featured_media":0,"parent":0,"menu_order":16,"comment_status":"closed","ping_status":"closed","template":"elementor_header_footer","meta":{"_acf_changed":false,"footnotes":""},"class_list":["post-6297","page","type-page","status-publish","hentry"],"acf":[],"yoast_head":"<!-- This site is optimized with the Yoast SEO plugin v27.4 - https:\/\/yoast.com\/product\/yoast-seo-wordpress\/ -->\n<title>Bezoekers | Beursplan - Agriflanders<\/title>\n<meta name=\"robots\" content=\"index, follow, max-snippet:-1, max-image-preview:large, max-video-preview:-1\" \/>\n<link rel=\"canonical\" href=\"https:\/\/www.agriflanders.be\/fr\/bezoekers-beursplan\/\" \/>\n<meta property=\"og:locale\" content=\"fr_FR\" \/>\n<meta property=\"og:type\" content=\"article\" \/>\n<meta property=\"og:title\" content=\"Bezoekers | Beursplan - Agriflanders\" \/>\n<meta property=\"og:description\" content=\"Beursplan De beursindeling Met een recordaantal van 377 exposanten was de beursvloer van Agriflanders in 2025 helemaal volzet! De 8 hallen van Flanders Expo zijn als volgt ingedeeld: Hal 1: mechanisatie, veevoeders, toelevering veeteelt, broeierijen, KI varkens, diensten, banken Hal 2: mechanisatie Hal 3: mechanisatie Hal 4: overheden, onderwijs, diensten, toelevering teelten Hal 5: stallenbouw &hellip; Continue reading &quot;Sanac&quot;\" \/>\n<meta property=\"og:url\" content=\"https:\/\/www.agriflanders.be\/fr\/bezoekers-beursplan\/\" \/>\n<meta property=\"og:site_name\" content=\"Agriflanders\" \/>\n<meta property=\"article:modified_time\" content=\"2026-04-10T12:45:09+00:00\" \/>\n<meta name=\"twitter:card\" content=\"summary_large_image\" \/>\n<meta name=\"twitter:label1\" content=\"Dur\u00e9e de lecture est.\" \/>\n\t<meta name=\"twitter:data1\" content=\"1 minute\" \/>\n<script type=\"application\/ld+json\" class=\"yoast-schema-graph\">{\"@context\":\"https:\\\/\\\/schema.org\",\"@graph\":[{\"@type\":\"WebPage\",\"@id\":\"https:\\\/\\\/www.agriflanders.be\\\/bezoekers-beursplan\\\/\",\"url\":\"https:\\\/\\\/www.agriflanders.be\\\/bezoekers-beursplan\\\/\",\"name\":\"Bezoekers | Beursplan - Agriflanders\",\"isPartOf\":{\"@id\":\"https:\\\/\\\/www.agriflanders.be\\\/nl\\\/#website\"},\"datePublished\":\"2022-03-13T17:38:52+00:00\",\"dateModified\":\"2026-04-10T12:45:09+00:00\",\"breadcrumb\":{\"@id\":\"https:\\\/\\\/www.agriflanders.be\\\/bezoekers-beursplan\\\/#breadcrumb\"},\"inLanguage\":\"fr-BE\",\"potentialAction\":[{\"@type\":\"ReadAction\",\"target\":[\"https:\\\/\\\/www.agriflanders.be\\\/bezoekers-beursplan\\\/\"]}]},{\"@type\":\"BreadcrumbList\",\"@id\":\"https:\\\/\\\/www.agriflanders.be\\\/bezoekers-beursplan\\\/#breadcrumb\",\"itemListElement\":[{\"@type\":\"ListItem\",\"position\":1,\"name\":\"Home\",\"item\":\"https:\\\/\\\/www.agriflanders.be\\\/nl\\\/\"},{\"@type\":\"ListItem\",\"position\":2,\"name\":\"Bezoekers | Beursplan\"}]},{\"@type\":\"WebSite\",\"@id\":\"https:\\\/\\\/www.agriflanders.be\\\/nl\\\/#website\",\"url\":\"https:\\\/\\\/www.agriflanders.be\\\/nl\\\/\",\"name\":\"Agriflanders\",\"description\":\"Vakbeurs voor intensieve veeteelt en mechanisatie op erfniveau\",\"potentialAction\":[{\"@type\":\"SearchAction\",\"target\":{\"@type\":\"EntryPoint\",\"urlTemplate\":\"https:\\\/\\\/www.agriflanders.be\\\/nl\\\/?s={search_term_string}\"},\"query-input\":{\"@type\":\"PropertyValueSpecification\",\"valueRequired\":true,\"valueName\":\"search_term_string\"}}],\"inLanguage\":\"fr-BE\"}]}<\/script>\n<!-- \/ Yoast SEO plugin. -->","yoast_head_json":{"title":"Visiteurs | Plan du salon - Agriflanders","robots":{"index":"index","follow":"follow","max-snippet":"max-snippet:-1","max-image-preview":"max-image-preview:large","max-video-preview":"max-video-preview:-1"},"canonical":"https:\/\/www.agriflanders.be\/fr\/bezoekers-beursplan\/","og_locale":"fr_FR","og_type":"article","og_title":"Bezoekers | Beursplan - Agriflanders","og_description":"Beursplan De beursindeling Met een recordaantal van 377 exposanten was de beursvloer van Agriflanders in 2025 helemaal volzet! De 8 hallen van Flanders Expo zijn als volgt ingedeeld: Hal 1: mechanisatie, veevoeders, toelevering veeteelt, broeierijen, KI varkens, diensten, banken Hal 2: mechanisatie Hal 3: mechanisatie Hal 4: overheden, onderwijs, diensten, toelevering teelten Hal 5: stallenbouw &hellip; Continue reading \"Sanac\"","og_url":"https:\/\/www.agriflanders.be\/fr\/bezoekers-beursplan\/","og_site_name":"Agriflanders","article_modified_time":"2026-04-10T12:45:09+00:00","twitter_card":"summary_large_image","twitter_misc":{"Dur\u00e9e de lecture est.":"1 minute"},"schema":{"@context":"https:\/\/schema.org","@graph":[{"@type":"WebPage","@id":"https:\/\/www.agriflanders.be\/bezoekers-beursplan\/","url":"https:\/\/www.agriflanders.be\/bezoekers-beursplan\/","name":"Visiteurs | Plan du salon - Agriflanders","isPartOf":{"@id":"https:\/\/www.agriflanders.be\/nl\/#website"},"datePublished":"2022-03-13T17:38:52+00:00","dateModified":"2026-04-10T12:45:09+00:00","breadcrumb":{"@id":"https:\/\/www.agriflanders.be\/bezoekers-beursplan\/#breadcrumb"},"inLanguage":"fr-BE","potentialAction":[{"@type":"ReadAction","target":["https:\/\/www.agriflanders.be\/bezoekers-beursplan\/"]}]},{"@type":"BreadcrumbList","@id":"https:\/\/www.agriflanders.be\/bezoekers-beursplan\/#breadcrumb","itemListElement":[{"@type":"ListItem","position":1,"name":"Home","item":"https:\/\/www.agriflanders.be\/nl\/"},{"@type":"ListItem","position":2,"name":"Bezoekers | Beursplan"}]},{"@type":"WebSite","@id":"https:\/\/www.agriflanders.be\/nl\/#website","url":"https:\/\/www.agriflanders.be\/nl\/","name":"Agriflanders","description":"Salon de l&#039;\u00e9levage intensif et de la m\u00e9canisation \u00e0 la ferme","potentialAction":[{"@type":"SearchAction","target":{"@type":"EntryPoint","urlTemplate":"https:\/\/www.agriflanders.be\/nl\/?s={search_term_string}"},"query-input":{"@type":"PropertyValueSpecification","valueRequired":true,"valueName":"search_term_string"}}],"inLanguage":"fr-BE"}]}},"_links":{"self":[{"href":"https:\/\/www.agriflanders.be\/fr\/wp-json\/wp\/v2\/pages\/6297","targetHints":{"allow":["GET"]}}],"collection":[{"href":"https:\/\/www.agriflanders.be\/fr\/wp-json\/wp\/v2\/pages"}],"about":[{"href":"https:\/\/www.agriflanders.be\/fr\/wp-json\/wp\/v2\/types\/page"}],"author":[{"embeddable":true,"href":"https:\/\/www.agriflanders.be\/fr\/wp-json\/wp\/v2\/users\/1"}],"replies":[{"embeddable":true,"href":"https:\/\/www.agriflanders.be\/fr\/wp-json\/wp\/v2\/comments?post=6297"}],"version-history":[{"count":3,"href":"https:\/\/www.agriflanders.be\/fr\/wp-json\/wp\/v2\/pages\/6297\/revisions"}],"predecessor-version":[{"id":11811,"href":"https:\/\/www.agriflanders.be\/fr\/wp-json\/wp\/v2\/pages\/6297\/revisions\/11811"}],"wp:attachment":[{"href":"https:\/\/www.agriflanders.be\/fr\/wp-json\/wp\/v2\/media?parent=6297"}],"curies":[{"name":"wp","href":"https:\/\/api.w.org\/{rel}","templated":true}]}}