{"id":6181,"date":"2022-03-12T16:47:29","date_gmt":"2022-03-12T16:47:29","guid":{"rendered":"http:\/\/agriflanders.be\/?page_id=6181"},"modified":"2026-04-16T15:28:03","modified_gmt":"2026-04-16T15:28:03","slug":"exposanten-beursreglement","status":"publish","type":"page","link":"https:\/\/www.agriflanders.be\/fr\/exposanten-beursreglement\/","title":{"rendered":"Exposants | R\u00e8glement du salon"},"content":{"rendered":"<div data-elementor-type=\"wp-page\" data-elementor-id=\"6181\" class=\"elementor elementor-6181\" data-elementor-post-type=\"page\">\n\t\t\t\t\t\t<section class=\"elementor-section elementor-top-section elementor-element elementor-element-b221ac2 elementor-section-boxed elementor-section-height-default elementor-section-height-default\" data-id=\"b221ac2\" data-element_type=\"section\" data-e-type=\"section\">\n\t\t\t\t\t\t<div class=\"elementor-container elementor-column-gap-wider\">\n\t\t\t\t\t<div class=\"elementor-column elementor-col-50 elementor-top-column elementor-element elementor-element-7b30f74\" data-id=\"7b30f74\" data-element_type=\"column\" data-e-type=\"column\">\n\t\t\t<div class=\"elementor-widget-wrap elementor-element-populated\">\n\t\t\t\t\t\t<div class=\"elementor-element elementor-element-cb1f217 elementor-widget elementor-widget-heading\" data-id=\"cb1f217\" data-element_type=\"widget\" data-e-type=\"widget\" data-widget_type=\"heading.default\">\n\t\t\t\t<div class=\"elementor-widget-container\">\n\t\t\t\t\t<h3 class=\"elementor-heading-title elementor-size-default\">R\u00e8glement des expositions 2027<\/h3>\t\t\t\t<\/div>\n\t\t\t\t<\/div>\n\t\t\t\t<div class=\"elementor-element elementor-element-c9c9f60 elementor-widget elementor-widget-text-editor\" data-id=\"c9c9f60\" data-element_type=\"widget\" data-e-type=\"widget\" data-widget_type=\"text-editor.default\">\n\t\t\t\t<div class=\"elementor-widget-container\">\n\t\t\t\t\t\t\t\t\t<div class=\"field field-name-body\"><p>Vous trouverez tous les d\u00e9tails concernant votre participation au salon dans le r\u00e8glement du salon.<\/p><\/div>\t\t\t\t\t\t\t\t<\/div>\n\t\t\t\t<\/div>\n\t\t\t\t<div class=\"elementor-element elementor-element-3ae7383 elementor-widget elementor-widget-button\" data-id=\"3ae7383\" data-element_type=\"widget\" data-e-type=\"widget\" data-widget_type=\"button.default\">\n\t\t\t\t<div class=\"elementor-widget-container\">\n\t\t\t\t\t\t\t\t\t<div class=\"elementor-button-wrapper\">\n\t\t\t\t\t<a class=\"elementor-button elementor-button-link elementor-size-sm\" href=\"https:\/\/www.agriflanders.be\/wp-content\/uploads\/2026\/04\/Algemeen-reglement-Agriflanders-2027.pdf\" target=\"_blank\">\n\t\t\t\t\t\t<span class=\"elementor-button-content-wrapper\">\n\t\t\t\t\t\t\t\t\t<span class=\"elementor-button-text\">R\u00e8glement des expositions NL<\/span>\n\t\t\t\t\t<\/span>\n\t\t\t\t\t<\/a>\n\t\t\t\t<\/div>\n\t\t\t\t\t\t\t\t<\/div>\n\t\t\t\t<\/div>\n\t\t\t\t<div class=\"elementor-element elementor-element-1b31474 elementor-widget elementor-widget-button\" data-id=\"1b31474\" data-element_type=\"widget\" data-e-type=\"widget\" data-widget_type=\"button.default\">\n\t\t\t\t<div class=\"elementor-widget-container\">\n\t\t\t\t\t\t\t\t\t<div class=\"elementor-button-wrapper\">\n\t\t\t\t\t<a class=\"elementor-button elementor-button-link elementor-size-sm\" href=\"https:\/\/www.agriflanders.be\/wp-content\/uploads\/2026\/04\/Algemeen-reglement-Agriflanders-2027-FR.pdf\" target=\"_blank\">\n\t\t\t\t\t\t<span class=\"elementor-button-content-wrapper\">\n\t\t\t\t\t\t\t\t\t<span class=\"elementor-button-text\">R\u00e8glement des expositions FR<\/span>\n\t\t\t\t\t<\/span>\n\t\t\t\t\t<\/a>\n\t\t\t\t<\/div>\n\t\t\t\t\t\t\t\t<\/div>\n\t\t\t\t<\/div>\n\t\t\t\t\t<\/div>\n\t\t<\/div>\n\t\t\t\t<div class=\"elementor-column elementor-col-50 elementor-top-column elementor-element elementor-element-8fcab33\" data-id=\"8fcab33\" data-element_type=\"column\" data-e-type=\"column\">\n\t\t\t<div class=\"elementor-widget-wrap elementor-element-populated\">\n\t\t\t\t\t\t<div class=\"elementor-element elementor-element-2d150d9 float-right elementor-widget elementor-widget-shortcode\" data-id=\"2d150d9\" data-element_type=\"widget\" data-e-type=\"widget\" data-widget_type=\"shortcode.default\">\n\t\t\t\t<div class=\"elementor-widget-container\">\n\t\t\t\t\t\t\t<div class=\"elementor-shortcode\"><div class=\"sponsor-level1\">\n\t<div class=\"sponsor-level1-inner\">\n\t<h5>Sponsor principal<\/h5><div class=\"sponsor-level1-logo\">\n\t\t\t<a href=\"https:\/\/www.kbc.be\/ondernemen\/nl\/specifieke-sectoren\/landbouw-en-tuinbouw\/agro.html\" target=\"_blank\"><img decoding=\"async\" src=\"https:\/\/www.agriflanders.be\/wp-content\/uploads\/2022\/09\/KBC.svg\"><\/a>\n\t\t<\/div><\/div>\n<\/div><\/div>\n\t\t\t\t\t\t<\/div>\n\t\t\t\t<\/div>\n\t\t\t\t\t<\/div>\n\t\t<\/div>\n\t\t\t\t\t<\/div>\n\t\t<\/section>\n\t\t\t\t<\/div>","protected":false},"excerpt":{"rendered":"<p>Beursreglement 2027 U kan alle details over uw beursdeelname terugvinden in het beursreglement. Beursreglement NL Beursreglement FR<\/p>","protected":false},"author":1,"featured_media":0,"parent":0,"menu_order":10,"comment_status":"closed","ping_status":"closed","template":"elementor_header_footer","meta":{"_acf_changed":false,"footnotes":""},"class_list":["post-6181","page","type-page","status-publish","hentry"],"acf":[],"yoast_head":"<!-- This site is optimized with the Yoast SEO plugin v27.4 - https:\/\/yoast.com\/product\/yoast-seo-wordpress\/ -->\n<title>Exposanten | Beursreglement - Agriflanders<\/title>\n<meta name=\"robots\" content=\"index, follow, max-snippet:-1, max-image-preview:large, max-video-preview:-1\" \/>\n<link rel=\"canonical\" href=\"https:\/\/www.agriflanders.be\/fr\/exposanten-beursreglement\/\" \/>\n<meta property=\"og:locale\" content=\"fr_FR\" \/>\n<meta property=\"og:type\" content=\"article\" \/>\n<meta property=\"og:title\" content=\"Exposanten | Beursreglement - Agriflanders\" \/>\n<meta property=\"og:description\" content=\"Beursreglement 2027 U kan alle details over uw beursdeelname terugvinden in het beursreglement. Beursreglement NL Beursreglement FR\" \/>\n<meta property=\"og:url\" content=\"https:\/\/www.agriflanders.be\/fr\/exposanten-beursreglement\/\" \/>\n<meta property=\"og:site_name\" content=\"Agriflanders\" \/>\n<meta property=\"article:modified_time\" content=\"2026-04-16T15:28:03+00:00\" \/>\n<meta name=\"twitter:card\" content=\"summary_large_image\" \/>\n<meta name=\"twitter:label1\" content=\"Dur\u00e9e de lecture est.\" \/>\n\t<meta name=\"twitter:data1\" content=\"1 minute\" \/>\n<script type=\"application\/ld+json\" class=\"yoast-schema-graph\">{\"@context\":\"https:\\\/\\\/schema.org\",\"@graph\":[{\"@type\":\"WebPage\",\"@id\":\"https:\\\/\\\/www.agriflanders.be\\\/exposanten-beursreglement\\\/\",\"url\":\"https:\\\/\\\/www.agriflanders.be\\\/exposanten-beursreglement\\\/\",\"name\":\"Exposanten | Beursreglement - Agriflanders\",\"isPartOf\":{\"@id\":\"https:\\\/\\\/www.agriflanders.be\\\/nl\\\/#website\"},\"datePublished\":\"2022-03-12T16:47:29+00:00\",\"dateModified\":\"2026-04-16T15:28:03+00:00\",\"breadcrumb\":{\"@id\":\"https:\\\/\\\/www.agriflanders.be\\\/exposanten-beursreglement\\\/#breadcrumb\"},\"inLanguage\":\"fr-BE\",\"potentialAction\":[{\"@type\":\"ReadAction\",\"target\":[\"https:\\\/\\\/www.agriflanders.be\\\/exposanten-beursreglement\\\/\"]}]},{\"@type\":\"BreadcrumbList\",\"@id\":\"https:\\\/\\\/www.agriflanders.be\\\/exposanten-beursreglement\\\/#breadcrumb\",\"itemListElement\":[{\"@type\":\"ListItem\",\"position\":1,\"name\":\"Home\",\"item\":\"https:\\\/\\\/www.agriflanders.be\\\/nl\\\/\"},{\"@type\":\"ListItem\",\"position\":2,\"name\":\"Exposanten | Beursreglement\"}]},{\"@type\":\"WebSite\",\"@id\":\"https:\\\/\\\/www.agriflanders.be\\\/nl\\\/#website\",\"url\":\"https:\\\/\\\/www.agriflanders.be\\\/nl\\\/\",\"name\":\"Agriflanders\",\"description\":\"Vakbeurs voor intensieve veeteelt en mechanisatie op erfniveau\",\"potentialAction\":[{\"@type\":\"SearchAction\",\"target\":{\"@type\":\"EntryPoint\",\"urlTemplate\":\"https:\\\/\\\/www.agriflanders.be\\\/nl\\\/?s={search_term_string}\"},\"query-input\":{\"@type\":\"PropertyValueSpecification\",\"valueRequired\":true,\"valueName\":\"search_term_string\"}}],\"inLanguage\":\"fr-BE\"}]}<\/script>\n<!-- \/ Yoast SEO plugin. -->","yoast_head_json":{"title":"Exposants | R\u00e8glement du salon - Agriflanders","robots":{"index":"index","follow":"follow","max-snippet":"max-snippet:-1","max-image-preview":"max-image-preview:large","max-video-preview":"max-video-preview:-1"},"canonical":"https:\/\/www.agriflanders.be\/fr\/exposanten-beursreglement\/","og_locale":"fr_FR","og_type":"article","og_title":"Exposanten | Beursreglement - Agriflanders","og_description":"Beursreglement 2027 U kan alle details over uw beursdeelname terugvinden in het beursreglement. Beursreglement NL Beursreglement FR","og_url":"https:\/\/www.agriflanders.be\/fr\/exposanten-beursreglement\/","og_site_name":"Agriflanders","article_modified_time":"2026-04-16T15:28:03+00:00","twitter_card":"summary_large_image","twitter_misc":{"Dur\u00e9e de lecture est.":"1 minute"},"schema":{"@context":"https:\/\/schema.org","@graph":[{"@type":"WebPage","@id":"https:\/\/www.agriflanders.be\/exposanten-beursreglement\/","url":"https:\/\/www.agriflanders.be\/exposanten-beursreglement\/","name":"Exposants | R\u00e8glement du salon - Agriflanders","isPartOf":{"@id":"https:\/\/www.agriflanders.be\/nl\/#website"},"datePublished":"2022-03-12T16:47:29+00:00","dateModified":"2026-04-16T15:28:03+00:00","breadcrumb":{"@id":"https:\/\/www.agriflanders.be\/exposanten-beursreglement\/#breadcrumb"},"inLanguage":"fr-BE","potentialAction":[{"@type":"ReadAction","target":["https:\/\/www.agriflanders.be\/exposanten-beursreglement\/"]}]},{"@type":"BreadcrumbList","@id":"https:\/\/www.agriflanders.be\/exposanten-beursreglement\/#breadcrumb","itemListElement":[{"@type":"ListItem","position":1,"name":"Home","item":"https:\/\/www.agriflanders.be\/nl\/"},{"@type":"ListItem","position":2,"name":"Exposanten | Beursreglement"}]},{"@type":"WebSite","@id":"https:\/\/www.agriflanders.be\/nl\/#website","url":"https:\/\/www.agriflanders.be\/nl\/","name":"Agriflanders","description":"Salon de l&#039;\u00e9levage intensif et de la m\u00e9canisation \u00e0 la ferme","potentialAction":[{"@type":"SearchAction","target":{"@type":"EntryPoint","urlTemplate":"https:\/\/www.agriflanders.be\/nl\/?s={search_term_string}"},"query-input":{"@type":"PropertyValueSpecification","valueRequired":true,"valueName":"search_term_string"}}],"inLanguage":"fr-BE"}]}},"_links":{"self":[{"href":"https:\/\/www.agriflanders.be\/fr\/wp-json\/wp\/v2\/pages\/6181","targetHints":{"allow":["GET"]}}],"collection":[{"href":"https:\/\/www.agriflanders.be\/fr\/wp-json\/wp\/v2\/pages"}],"about":[{"href":"https:\/\/www.agriflanders.be\/fr\/wp-json\/wp\/v2\/types\/page"}],"author":[{"embeddable":true,"href":"https:\/\/www.agriflanders.be\/fr\/wp-json\/wp\/v2\/users\/1"}],"replies":[{"embeddable":true,"href":"https:\/\/www.agriflanders.be\/fr\/wp-json\/wp\/v2\/comments?post=6181"}],"version-history":[{"count":9,"href":"https:\/\/www.agriflanders.be\/fr\/wp-json\/wp\/v2\/pages\/6181\/revisions"}],"predecessor-version":[{"id":11838,"href":"https:\/\/www.agriflanders.be\/fr\/wp-json\/wp\/v2\/pages\/6181\/revisions\/11838"}],"wp:attachment":[{"href":"https:\/\/www.agriflanders.be\/fr\/wp-json\/wp\/v2\/media?parent=6181"}],"curies":[{"name":"wp","href":"https:\/\/api.w.org\/{rel}","templated":true}]}}