{"id":5942,"date":"2022-03-11T12:18:03","date_gmt":"2022-03-11T12:18:03","guid":{"rendered":"http:\/\/agriflanders.be\/?page_id=5942"},"modified":"2024-12-23T16:37:22","modified_gmt":"2024-12-23T16:37:22","slug":"pers","status":"publish","type":"page","link":"https:\/\/www.agriflanders.be\/fr\/pers\/","title":{"rendered":"Presse"},"content":{"rendered":"<div data-elementor-type=\"wp-page\" data-elementor-id=\"5942\" class=\"elementor elementor-5942\" data-elementor-post-type=\"page\">\n\t\t\t\t\t\t<section class=\"elementor-section elementor-top-section elementor-element elementor-element-c98f753 elementor-section-boxed elementor-section-height-default elementor-section-height-default\" data-id=\"c98f753\" data-element_type=\"section\" data-e-type=\"section\">\n\t\t\t\t\t\t<div class=\"elementor-container elementor-column-gap-default\">\n\t\t\t\t\t<div class=\"elementor-column elementor-col-100 elementor-top-column elementor-element elementor-element-846b512\" data-id=\"846b512\" data-element_type=\"column\" data-e-type=\"column\">\n\t\t\t<div class=\"elementor-widget-wrap elementor-element-populated\">\n\t\t\t\t\t\t<div class=\"elementor-element elementor-element-19f746a elementor-widget elementor-widget-heading\" data-id=\"19f746a\" data-element_type=\"widget\" data-e-type=\"widget\" data-widget_type=\"heading.default\">\n\t\t\t\t<div class=\"elementor-widget-container\">\n\t\t\t\t\t<h2 class=\"elementor-heading-title elementor-size-default\">Informations pratiques<\/h2>\t\t\t\t<\/div>\n\t\t\t\t<\/div>\n\t\t\t\t\t<\/div>\n\t\t<\/div>\n\t\t\t\t\t<\/div>\n\t\t<\/section>\n\t\t\t\t<section class=\"elementor-section elementor-top-section elementor-element elementor-element-346cfda elementor-section-boxed elementor-section-height-default elementor-section-height-default\" data-id=\"346cfda\" data-element_type=\"section\" data-e-type=\"section\">\n\t\t\t\t\t\t<div class=\"elementor-container elementor-column-gap-default\">\n\t\t\t\t\t<div class=\"elementor-column elementor-col-50 elementor-top-column elementor-element elementor-element-b47688f\" data-id=\"b47688f\" data-element_type=\"column\" data-e-type=\"column\">\n\t\t\t<div class=\"elementor-widget-wrap elementor-element-populated\">\n\t\t\t\t\t\t<div class=\"elementor-element elementor-element-80e3220 elementor-widget elementor-widget-heading\" data-id=\"80e3220\" data-element_type=\"widget\" data-e-type=\"widget\" data-widget_type=\"heading.default\">\n\t\t\t\t<div class=\"elementor-widget-container\">\n\t\t\t\t\t<h3 class=\"elementor-heading-title elementor-size-default\">Acc\u00e8s au salon\n<\/h3>\t\t\t\t<\/div>\n\t\t\t\t<\/div>\n\t\t\t\t<div class=\"elementor-element elementor-element-5505cec elementor-widget elementor-widget-text-editor\" data-id=\"5505cec\" data-element_type=\"widget\" data-e-type=\"widget\" data-widget_type=\"text-editor.default\">\n\t\t\t\t<div class=\"elementor-widget-container\">\n\t\t\t\t\t\t\t\t\t<p>Entr\u00e9e gratuite sur pr\u00e9sentation d'une carte de presse valable.<\/p><p>\u00a0<\/p>\t\t\t\t\t\t\t\t<\/div>\n\t\t\t\t<\/div>\n\t\t\t\t\t<\/div>\n\t\t<\/div>\n\t\t\t\t<div class=\"elementor-column elementor-col-50 elementor-top-column elementor-element elementor-element-d0679d4\" data-id=\"d0679d4\" data-element_type=\"column\" data-e-type=\"column\">\n\t\t\t<div class=\"elementor-widget-wrap elementor-element-populated\">\n\t\t\t\t\t\t<div class=\"elementor-element elementor-element-31fa658 elementor-widget elementor-widget-heading\" data-id=\"31fa658\" data-element_type=\"widget\" data-e-type=\"widget\" data-widget_type=\"heading.default\">\n\t\t\t\t<div class=\"elementor-widget-container\">\n\t\t\t\t\t<h3 class=\"elementor-heading-title elementor-size-default\">Se garer<\/h3>\t\t\t\t<\/div>\n\t\t\t\t<\/div>\n\t\t\t\t<div class=\"elementor-element elementor-element-3370afa elementor-widget elementor-widget-text-editor\" data-id=\"3370afa\" data-element_type=\"widget\" data-e-type=\"widget\" data-widget_type=\"text-editor.default\">\n\t\t\t\t<div class=\"elementor-widget-container\">\n\t\t\t\t\t\t\t\t\t<p>Les journalistes peuvent se garer gratuitement sur pr\u00e9sentation de leur carte de presse au parking A4, \u00e0 proximit\u00e9 de l'entr\u00e9e du hall 1. Pour y acc\u00e9der, suivez le \"loop\" et passez par le parking \"Animaux\" (\"Dieren\").<\/p>\t\t\t\t\t\t\t\t<\/div>\n\t\t\t\t<\/div>\n\t\t\t\t\t<\/div>\n\t\t<\/div>\n\t\t\t\t\t<\/div>\n\t\t<\/section>\n\t\t\t\t<section class=\"elementor-section elementor-top-section elementor-element elementor-element-1453609 elementor-section-boxed elementor-section-height-default elementor-section-height-default\" data-id=\"1453609\" data-element_type=\"section\" data-e-type=\"section\">\n\t\t\t\t\t\t<div class=\"elementor-container elementor-column-gap-default\">\n\t\t\t\t\t<div class=\"elementor-column elementor-col-50 elementor-top-column elementor-element elementor-element-b522c71\" data-id=\"b522c71\" data-element_type=\"column\" data-e-type=\"column\">\n\t\t\t<div class=\"elementor-widget-wrap elementor-element-populated\">\n\t\t\t\t\t\t<div class=\"elementor-element elementor-element-3311812 elementor-widget elementor-widget-heading\" data-id=\"3311812\" data-element_type=\"widget\" data-e-type=\"widget\" data-widget_type=\"heading.default\">\n\t\t\t\t<div class=\"elementor-widget-container\">\n\t\t\t\t\t<h3 class=\"elementor-heading-title elementor-size-default\">Secr\u00e9tariat de presse<\/h3>\t\t\t\t<\/div>\n\t\t\t\t<\/div>\n\t\t\t\t<div class=\"elementor-element elementor-element-a6eb0a4 elementor-widget elementor-widget-text-editor\" data-id=\"a6eb0a4\" data-element_type=\"widget\" data-e-type=\"widget\" data-widget_type=\"text-editor.default\">\n\t\t\t\t<div class=\"elementor-widget-container\">\n\t\t\t\t\t\t\t\t\t<p>La salle de presse est situ\u00e9e dans le Sky Lounge, au premier \u00e9tage du Hall 1. \u00c0 votre (premi\u00e8re) arriv\u00e9e, veuillez vous pr\u00e9senter au secr\u00e9tariat de presse chez Gunther De Mey pour l'enregistrement (badge de presse) et toute documentation ou information suppl\u00e9mentaire.<br \/>Si votre num\u00e9ro de portable est enregistr\u00e9, vous pourrez \u00eatre inform\u00e9 par SMS d'activit\u00e9s de presse inattendues.<br \/>La documentation des exposants est disponible au secr\u00e9tariat de presse. Vous serez inform\u00e9s des briefings de presse et des r\u00e9sultats des comp\u00e9titions.<\/p>\t\t\t\t\t\t\t\t<\/div>\n\t\t\t\t<\/div>\n\t\t\t\t\t<\/div>\n\t\t<\/div>\n\t\t\t\t<div class=\"elementor-column elementor-col-50 elementor-top-column elementor-element elementor-element-10101b8\" data-id=\"10101b8\" data-element_type=\"column\" data-e-type=\"column\">\n\t\t\t<div class=\"elementor-widget-wrap elementor-element-populated\">\n\t\t\t\t\t\t<div class=\"elementor-element elementor-element-3ef42eb elementor-widget elementor-widget-heading\" data-id=\"3ef42eb\" data-element_type=\"widget\" data-e-type=\"widget\" data-widget_type=\"heading.default\">\n\t\t\t\t<div class=\"elementor-widget-container\">\n\t\t\t\t\t<h3 class=\"elementor-heading-title elementor-size-default\">Points de presse quotidiens\n<\/h3>\t\t\t\t<\/div>\n\t\t\t\t<\/div>\n\t\t\t\t<div class=\"elementor-element elementor-element-9f978b6 elementor-widget elementor-widget-text-editor\" data-id=\"9f978b6\" data-element_type=\"widget\" data-e-type=\"widget\" data-widget_type=\"text-editor.default\">\n\t\t\t\t<div class=\"elementor-widget-container\">\n\t\t\t\t\t\t\t\t\t<p>Chaque matin (10h15) et chaque soir (17h30), un petit point de presse sera organis\u00e9 en salle de presse par les organisateurs d'Agriflanders. Vous y recevrez les derni\u00e8res nouvelles de premi\u00e8re main. Nous esp\u00e9rons vous y accueillir.<\/p>\t\t\t\t\t\t\t\t<\/div>\n\t\t\t\t<\/div>\n\t\t\t\t\t<\/div>\n\t\t<\/div>\n\t\t\t\t\t<\/div>\n\t\t<\/section>\n\t\t\t\t<\/div>","protected":false},"excerpt":{"rendered":"<p>Informations pratiques Entr\u00e9e au salon Entr\u00e9e gratuite sur pr\u00e9sentation d&#039;une carte de presse en cours de validit\u00e9.  Stationnement Les journalistes peuvent se garer gratuitement sur pr\u00e9sentation de leur carte de presse au parking A4, \u00e0 proximit\u00e9 de l&#039;entr\u00e9e du hall 1. Pour y acc\u00e9der, suivre tout le parcours et l&#039;entr\u00e9e, via le parking &#039;Dieren&#039;. Bureau de presse La salle de presse est situ\u00e9e dans le \u2026 <a href=\"https:\/\/www.agriflanders.be\/fr\/pers\/\" class=\"more-link\">continuer la lecture<span class=\"screen-reader-text\"> &quot;Presse&quot;<\/span><\/a><\/p>","protected":false},"author":1,"featured_media":0,"parent":0,"menu_order":4,"comment_status":"closed","ping_status":"closed","template":"elementor_header_footer","meta":{"_acf_changed":false,"footnotes":""},"class_list":["post-5942","page","type-page","status-publish","hentry"],"acf":[],"yoast_head":"<!-- This site is optimized with the Yoast SEO plugin v27.4 - https:\/\/yoast.com\/product\/yoast-seo-wordpress\/ -->\n<title>Pers - Agriflanders<\/title>\n<meta name=\"robots\" content=\"index, follow, max-snippet:-1, max-image-preview:large, max-video-preview:-1\" \/>\n<link rel=\"canonical\" href=\"https:\/\/www.agriflanders.be\/fr\/pers\/\" \/>\n<meta property=\"og:locale\" content=\"fr_FR\" \/>\n<meta property=\"og:type\" content=\"article\" \/>\n<meta property=\"og:title\" content=\"Pers - Agriflanders\" \/>\n<meta property=\"og:description\" content=\"Praktische info Toegang tot de beurs Gratis toegang op vertoon van een geldige perskaart. \u00a0 Parking Journalisten kunnen op vertoon van hun perskaart gratis parkeren op parking A4, vlakbij de ingang van hal 1. Om er te geraken volgt u de volledige loop en binnenloop, over parking \u2018Dieren\u2019. Perssecretariaat De persruimte bevindt zich in de &hellip; Continue reading &quot;Pers&quot;\" \/>\n<meta property=\"og:url\" content=\"https:\/\/www.agriflanders.be\/fr\/pers\/\" \/>\n<meta property=\"og:site_name\" content=\"Agriflanders\" \/>\n<meta property=\"article:modified_time\" content=\"2024-12-23T16:37:22+00:00\" \/>\n<meta name=\"twitter:card\" content=\"summary_large_image\" \/>\n<meta name=\"twitter:label1\" content=\"Dur\u00e9e de lecture est.\" \/>\n\t<meta name=\"twitter:data1\" content=\"1 minute\" \/>\n<script type=\"application\/ld+json\" class=\"yoast-schema-graph\">{\"@context\":\"https:\\\/\\\/schema.org\",\"@graph\":[{\"@type\":\"WebPage\",\"@id\":\"https:\\\/\\\/www.agriflanders.be\\\/fr\\\/pers\\\/\",\"url\":\"https:\\\/\\\/www.agriflanders.be\\\/fr\\\/pers\\\/\",\"name\":\"Pers - Agriflanders\",\"isPartOf\":{\"@id\":\"https:\\\/\\\/www.agriflanders.be\\\/nl\\\/#website\"},\"datePublished\":\"2022-03-11T12:18:03+00:00\",\"dateModified\":\"2024-12-23T16:37:22+00:00\",\"breadcrumb\":{\"@id\":\"https:\\\/\\\/www.agriflanders.be\\\/fr\\\/pers\\\/#breadcrumb\"},\"inLanguage\":\"fr-BE\",\"potentialAction\":[{\"@type\":\"ReadAction\",\"target\":[\"https:\\\/\\\/www.agriflanders.be\\\/fr\\\/pers\\\/\"]}]},{\"@type\":\"BreadcrumbList\",\"@id\":\"https:\\\/\\\/www.agriflanders.be\\\/fr\\\/pers\\\/#breadcrumb\",\"itemListElement\":[{\"@type\":\"ListItem\",\"position\":1,\"name\":\"Home\",\"item\":\"https:\\\/\\\/www.agriflanders.be\\\/nl\\\/\"},{\"@type\":\"ListItem\",\"position\":2,\"name\":\"Pers\"}]},{\"@type\":\"WebSite\",\"@id\":\"https:\\\/\\\/www.agriflanders.be\\\/nl\\\/#website\",\"url\":\"https:\\\/\\\/www.agriflanders.be\\\/nl\\\/\",\"name\":\"Agriflanders\",\"description\":\"Vakbeurs voor intensieve veeteelt en mechanisatie op erfniveau\",\"potentialAction\":[{\"@type\":\"SearchAction\",\"target\":{\"@type\":\"EntryPoint\",\"urlTemplate\":\"https:\\\/\\\/www.agriflanders.be\\\/nl\\\/?s={search_term_string}\"},\"query-input\":{\"@type\":\"PropertyValueSpecification\",\"valueRequired\":true,\"valueName\":\"search_term_string\"}}],\"inLanguage\":\"fr-BE\"}]}<\/script>\n<!-- \/ Yoast SEO plugin. -->","yoast_head_json":{"title":"Presse - Agriflanders","robots":{"index":"index","follow":"follow","max-snippet":"max-snippet:-1","max-image-preview":"max-image-preview:large","max-video-preview":"max-video-preview:-1"},"canonical":"https:\/\/www.agriflanders.be\/fr\/pers\/","og_locale":"fr_FR","og_type":"article","og_title":"Pers - Agriflanders","og_description":"Praktische info Toegang tot de beurs Gratis toegang op vertoon van een geldige perskaart. \u00a0 Parking Journalisten kunnen op vertoon van hun perskaart gratis parkeren op parking A4, vlakbij de ingang van hal 1. Om er te geraken volgt u de volledige loop en binnenloop, over parking \u2018Dieren\u2019. Perssecretariaat De persruimte bevindt zich in de &hellip; Continue reading \"Pers\"","og_url":"https:\/\/www.agriflanders.be\/fr\/pers\/","og_site_name":"Agriflanders","article_modified_time":"2024-12-23T16:37:22+00:00","twitter_card":"summary_large_image","twitter_misc":{"Dur\u00e9e de lecture est.":"1 minute"},"schema":{"@context":"https:\/\/schema.org","@graph":[{"@type":"WebPage","@id":"https:\/\/www.agriflanders.be\/fr\/pers\/","url":"https:\/\/www.agriflanders.be\/fr\/pers\/","name":"Presse - Agriflanders","isPartOf":{"@id":"https:\/\/www.agriflanders.be\/nl\/#website"},"datePublished":"2022-03-11T12:18:03+00:00","dateModified":"2024-12-23T16:37:22+00:00","breadcrumb":{"@id":"https:\/\/www.agriflanders.be\/fr\/pers\/#breadcrumb"},"inLanguage":"fr-BE","potentialAction":[{"@type":"ReadAction","target":["https:\/\/www.agriflanders.be\/fr\/pers\/"]}]},{"@type":"BreadcrumbList","@id":"https:\/\/www.agriflanders.be\/fr\/pers\/#breadcrumb","itemListElement":[{"@type":"ListItem","position":1,"name":"Home","item":"https:\/\/www.agriflanders.be\/nl\/"},{"@type":"ListItem","position":2,"name":"Pers"}]},{"@type":"WebSite","@id":"https:\/\/www.agriflanders.be\/nl\/#website","url":"https:\/\/www.agriflanders.be\/nl\/","name":"Agriflanders","description":"Salon de l&#039;\u00e9levage intensif et de la m\u00e9canisation \u00e0 la ferme","potentialAction":[{"@type":"SearchAction","target":{"@type":"EntryPoint","urlTemplate":"https:\/\/www.agriflanders.be\/nl\/?s={search_term_string}"},"query-input":{"@type":"PropertyValueSpecification","valueRequired":true,"valueName":"search_term_string"}}],"inLanguage":"fr-BE"}]}},"_links":{"self":[{"href":"https:\/\/www.agriflanders.be\/fr\/wp-json\/wp\/v2\/pages\/5942","targetHints":{"allow":["GET"]}}],"collection":[{"href":"https:\/\/www.agriflanders.be\/fr\/wp-json\/wp\/v2\/pages"}],"about":[{"href":"https:\/\/www.agriflanders.be\/fr\/wp-json\/wp\/v2\/types\/page"}],"author":[{"embeddable":true,"href":"https:\/\/www.agriflanders.be\/fr\/wp-json\/wp\/v2\/users\/1"}],"replies":[{"embeddable":true,"href":"https:\/\/www.agriflanders.be\/fr\/wp-json\/wp\/v2\/comments?post=5942"}],"version-history":[{"count":0,"href":"https:\/\/www.agriflanders.be\/fr\/wp-json\/wp\/v2\/pages\/5942\/revisions"}],"wp:attachment":[{"href":"https:\/\/www.agriflanders.be\/fr\/wp-json\/wp\/v2\/media?parent=5942"}],"curies":[{"name":"wp","href":"https:\/\/api.w.org\/{rel}","templated":true}]}}